{"id":44,"date":"2024-08-15T05:35:20","date_gmt":"2024-08-15T05:35:20","guid":{"rendered":"https:\/\/mdm-training.com\/?page_id=44"},"modified":"2024-12-17T09:53:26","modified_gmt":"2024-12-17T09:53:26","slug":"datenschutzerklaerung","status":"publish","type":"page","link":"https:\/\/mdm-training.com\/it\/datenschutzerklaerung\/","title":{"rendered":"Datenschutzerkl\u00e4rung"},"content":{"rendered":"<p>[et_pb_section fb_built=&#8220;1&#8243; _builder_version=&#8220;4.27.0&#8243; _module_preset=&#8220;default&#8220; global_colors_info=&#8220;{}&#8220; theme_builder_area=&#8220;post_content&#8220;][et_pb_row custom_padding_last_edited=&#8220;on|phone&#8220; _builder_version=&#8220;4.27.0&#8243; _module_preset=&#8220;default&#8220; width_tablet=&#8220;&#8220; width_phone=&#8220;90%&#8220; width_last_edited=&#8220;on|phone&#8220; custom_padding_tablet=&#8220;&#8220; custom_padding_phone=&#8220;0px||0px||false|false&#8220; global_colors_info=&#8220;{}&#8220; theme_builder_area=&#8220;post_content&#8220;][et_pb_column type=&#8220;4_4&#8243; _builder_version=&#8220;4.27.0&#8243; _module_preset=&#8220;default&#8220; global_colors_info=&#8220;{}&#8220; theme_builder_area=&#8220;post_content&#8220;][et_pb_text _builder_version=&#8220;4.27.4&#8243; _module_preset=&#8220;default&#8220; header_font=&#8220;|700|||||||&#8220; header_text_color=&#8220;#3f6123&#8243; header_font_size=&#8220;36px&#8220; custom_margin=&#8220;||5px||false|false&#8220; hover_enabled=&#8220;0&#8243; header_font_size_tablet=&#8220;36px&#8220; header_font_size_phone=&#8220;30px&#8220; header_font_size_last_edited=&#8220;on|phone&#8220; global_colors_info=&#8220;{}&#8220; theme_builder_area=&#8220;post_content&#8220; sticky_enabled=&#8220;0&#8243;]<\/p>\n<h1>Protezione dati<\/h1>\n<p>[\/et_pb_text][et_pb_text _builder_version=&#8220;4.27.4&#8243; _module_preset=&#8220;default&#8220; hover_enabled=&#8220;0&#8243; text_font_size_tablet=&#8220;&#8220; text_font_size_phone=&#8220;14px&#8220; text_font_size_last_edited=&#8220;on|phone&#8220; global_colors_info=&#8220;{}&#8220; theme_builder_area=&#8220;post_content&#8220; sticky_enabled=&#8220;0&#8243;]<\/p>\n<p><strong>Introduzione<\/strong><br \/>mdm-training Mariella De Matteis ha pubblicato la presente informativa sulla privacy in vista della futura revisione della legge svizzera sulla protezione dei dati (DSG) e dell'entrata in vigore del GDPR, il nuovo regolamento sulla protezione dei dati e sulla riservatezza nell'Unione Europea (UE). Sebbene sia un regolamento dell'UE, il GDPR \u00e8 rilevante per mdm-training Mariella De Matteis per vari motivi, tra cui, ad esempio: la legge svizzera sulla protezione dei dati \u00e8 storicamente strettamente legata al regolamento dell'UE, le modifiche previste alla legge svizzera sulla protezione dei dati sono fortemente influenzate dal GDPR e, infine, il GDPR impone elevati standard di protezione dei dati con effetto extraterritoriale e le aziende al di fuori dell'UE sono vincolate da queste norme a determinate condizioni.<\/p>\n<p>Con la presente informativa sulla privacy desideriamo informarvi dettagliatamente sul trattamento dei vostri dati.<\/p>\n<p>Ci riserviamo il diritto di modificare il contenuto della presente dichiarazione sulla protezione dei dati, in particolare se forniamo servizi nuovi o modificati o se cambiamenti nella legge o nella giurisdizione rendono necessario o sensato l'adeguamento, a condizione che la modifica sia ragionevole per l'utente, tenendo conto degli interessi legittimi di mdm-training Mariella De Matteis.<\/p>\n<p><strong>Ambito di applicazione<\/strong><br \/>Trattiamo i dati personali che riceviamo dai nostri clienti nell'ambito del nostro rapporto commerciale. Inoltre, trattiamo i dati personali che otteniamo legittimamente da fonti pubblicamente accessibili (ad esempio, registri commerciali, siti web) nella misura necessaria per la fornitura dei nostri servizi. Utilizziamo i dati personali senza ulteriore consenso esclusivamente per consentire l'utilizzo dei servizi offerti e per soddisfare ed elaborare richieste, registrazioni e ordini.<\/p>\n<p>Relevante personenbezogene Daten sind Einzelangaben \u00fcber pers\u00f6nliche oder sachliche Verh\u00e4ltnisse einer bestimmten oder bestimmbaren nat\u00fcrlichen Person. Darunter fallen Informationen wie z.B. richtiger Vor- und Nachname, die vollst\u00e4ndige Anschrift, Telefon-, Telefax-, Mobilfunknummer.<\/p>\n<p>Ulteriori dati personali vengono da noi rilevati, elaborati e utilizzati solo con il consenso, se tali informazioni vengono fornite volontariamente, ad esempio nell'ambito di una richiesta, di una ricerca o per la giustificazione, la progettazione dei contenuti o la modifica e l'elaborazione di un ordine, nonch\u00e9 per scopi di fatturazione e se ci\u00f2 \u00e8 necessario per la risposta o l'elaborazione.<\/p>\n<p><strong>Condivisione a terzi<\/strong><br \/>In linea di principio, non trasmettiamo a terzi i dati personali, compresi l'indirizzo e l'indirizzo e-mail, a meno che la trasmissione dei dati per gli scopi indicati non sia stata espressamente acconsentita o sia espressamente consentita o prescritta dalla legge.<\/p>\n<p><strong>Utilizzo dei dati ai fini della propria consulenza, della propria pubblicit\u00e0<\/strong><br \/>Siamo autorizzati a raccogliere, elaborare e utilizzare i vostri dati personali ai fini della nostra consulenza e pubblicit\u00e0, ma soprattutto per la progettazione dei servizi offerti in base alle esigenze.<\/p>\n<p>Inoltre, trattiamo i dati in modo confidenziale e in conformit\u00e0 alle disposizioni di legge in materia di protezione dei dati. Non inoltreremo questi dati o il contenuto dei vostri messaggi a terzi senza il vostro consenso, a meno che l'inoltro dei dati per gli scopi indicati non sia stato espressamente autorizzato o l'inoltro sia espressamente consentito o addirittura prescritto dalla legge.<\/p>\n<p>Tuttavia, questo divieto di divulgazione dei dati non si applica nella misura in cui siamo obbligati, per ordine delle autorit\u00e0 competenti, a fornire a terzi, in particolare alle autorit\u00e0 statali, informazioni sui dati di inventario in singoli casi, nella misura in cui ci\u00f2 \u00e8 necessario ai fini del perseguimento penale o per l'applicazione dei diritti di propriet\u00e0 intellettuale e sulla base di altre disposizioni di legge applicabili. A tal fine non \u00e8 necessario alcun altro consenso.<\/p>\n<p><strong>Sicurezza dei dati<\/strong><br \/>Quando ci contattate tramite il modulo di contatto sul nostro sito web, i dati personali vengono criptati e trasmessi via Internet. Utilizziamo misure tecniche e organizzative per proteggere il nostro sito web e altri sistemi contro la perdita, la distruzione, l'accesso, la modifica o la diffusione dei vostri dati da parte di persone non autorizzate.<\/p>\n<p><strong>Raccolta dati anonima<\/strong><br \/>Le nostre pagine web possono essere visitate senza fornire alcun dato personale, ma ogni accesso alle nostre pagine web e ogni recupero dei file ivi memorizzati viene registrato e memorizzato in un file. Raccogliamo e memorizziamo automaticamente nei nostri file di log del server solo le informazioni che il browser Internet ci trasmette. Queste includono, tra l'altro:<\/p>\n<ul>\n<li>Tipo e versione del browser<\/li>\n<li>Sistema operativo utilizzato<\/li>\n<li>URL di riferimento (il sito web visitato in precedenza)<\/li>\n<li>Nome host del computer di accesso (indirizzo IP)<\/li>\n<li>Data e ora della richiesta del server<\/li>\n<li>Nome del file recuperato<\/li>\n<li>Quantit\u00e0 di dati trasferiti<\/li>\n<li>Notifica dell'avvenuto recupero<\/li>\n<\/ul>\n<p>Non possiamo assegnare questi dati a persone specifiche. Questi dati non vengono uniti ad altre fonti di dati. Fatti salvi gli obblighi di conservazione previsti dalla legge, gli indirizzi IP degli utenti vengono cancellati al termine dell'utilizzo. La memorizzazione temporanea e l'analisi statistica dei dati che non possono essere attribuiti a utenti specifici servono esclusivamente a garantire la sicurezza del sistema e dei dati degli utenti (ad esempio per individuare eventuali collegamenti difettosi ed errori di programma, nonch\u00e9 attacchi al sistema).<\/p>\n<p><strong>Integrazione di servizi e contenuti di terze parti<\/strong><br \/>\u00c8 possibile che contenuti di terzi, come video di YouTube, mappe di Google Maps e feed RSS, siano integrati nei nostri siti web. Ci\u00f2 richiede sempre, dal punto di vista tecnico, che i fornitori di questi contenuti (di seguito denominati \u201cfornitori terzi\u201d) siano in grado di riconoscere l'indirizzo IP dell'utente, in quanto non sarebbero in grado di inviare i contenuti al browser del rispettivo utente senza identificare l'indirizzo IP. L'indirizzo IP \u00e8 quindi obbligatorio per la visualizzazione di questi contenuti.<\/p>\n<p><strong>Informazioni, correzione, blocco e cancellazione<\/strong><br \/>Nell'ambito delle vigenti disposizioni di legge in materia di protezione dei dati, l'utente ha il diritto di essere informato sui dati memorizzati che lo riguardano, sulla loro origine e sui destinatari, sullo scopo della memorizzazione e di correggere, bloccare o cancellare i propri dati memorizzati in qualsiasi momento. Se i termini di conservazione o i motivi legali, contrattuali, commerciali o fiscali impediscono la cancellazione, i vostri dati saranno bloccati anzich\u00e9 cancellati.<\/p>\n<p><strong>Organismo responsabile della protezione dei dati<\/strong><br \/>Potete contattare il responsabile della protezione dei dati dell'azienda all'indirizzo<\/p>\n<p>mdm-training<br \/>Mariella De Matteis<br \/>Zur Kesselschmiede 29<br \/>8400 Winterthur<\/p>\n<p>[\/et_pb_text][\/et_pb_column][\/et_pb_row][\/et_pb_section]<\/p>","protected":false},"excerpt":{"rendered":"<p>DatenschutzEinleitungDie mdm-training Mariella De Matteis hat die vorliegende Datenschutzerkl\u00e4rung im Hinblick auf die k\u00fcnftige Revision des Schweizerischen Datenschutzgesetzes (DSG) und des Inkrafttretens der DSGV, der neuen Datenschutz -und Vertraulichkeitsregulierung in der Europ\u00e4ischen Union (EU) publiziert. Obwohl eine Regulierung der EU, ist die DSGVO aus verschiedenen Gr\u00fcnden f\u00fcr die mdm-training Mariella De Matteis relevant, unter anderem [&hellip;]<\/p>","protected":false},"author":1,"featured_media":0,"parent":0,"menu_order":11,"comment_status":"closed","ping_status":"closed","template":"","meta":{"_et_pb_use_builder":"on","_et_pb_old_content":"<!-- wp:divi\/placeholder \/-->","_et_gb_content_width":"","inline_featured_image":false,"footnotes":""},"class_list":["post-44","page","type-page","status-publish","hentry"],"_links":{"self":[{"href":"https:\/\/mdm-training.com\/it\/wp-json\/wp\/v2\/pages\/44","targetHints":{"allow":["GET"]}}],"collection":[{"href":"https:\/\/mdm-training.com\/it\/wp-json\/wp\/v2\/pages"}],"about":[{"href":"https:\/\/mdm-training.com\/it\/wp-json\/wp\/v2\/types\/page"}],"author":[{"embeddable":true,"href":"https:\/\/mdm-training.com\/it\/wp-json\/wp\/v2\/users\/1"}],"replies":[{"embeddable":true,"href":"https:\/\/mdm-training.com\/it\/wp-json\/wp\/v2\/comments?post=44"}],"version-history":[{"count":3,"href":"https:\/\/mdm-training.com\/it\/wp-json\/wp\/v2\/pages\/44\/revisions"}],"predecessor-version":[{"id":421,"href":"https:\/\/mdm-training.com\/it\/wp-json\/wp\/v2\/pages\/44\/revisions\/421"}],"wp:attachment":[{"href":"https:\/\/mdm-training.com\/it\/wp-json\/wp\/v2\/media?parent=44"}],"curies":[{"name":"wp","href":"https:\/\/api.w.org\/{rel}","templated":true}]}}