{"id":38,"date":"2024-08-15T05:33:56","date_gmt":"2024-08-15T05:33:56","guid":{"rendered":"https:\/\/mdm-training.com\/?page_id=38"},"modified":"2025-10-03T09:07:31","modified_gmt":"2025-10-03T09:07:31","slug":"portrait","status":"publish","type":"page","link":"https:\/\/mdm-training.com\/it\/portrait\/","title":{"rendered":"Profilo\u00a0"},"content":{"rendered":"<p>[et_pb_section fb_built=&#8220;1&#8243; disabled_on=&#8220;on|on|off&#8220; _builder_version=&#8220;4.27.4&#8243; _module_preset=&#8220;default&#8220; background_image=&#8220;https:\/\/mdm-training.com\/wp-content\/uploads\/2024\/08\/110-111.jpg&#8220; custom_padding=&#8220;13vw||3vw||false|false&#8220; global_colors_info=&#8220;{}&#8220;][et_pb_row custom_padding_last_edited=&#8220;on|phone&#8220; _builder_version=&#8220;4.27.0&#8243; _module_preset=&#8220;default&#8220; background_color=&#8220;rgba(158,201,67,0.83)&#8220; width=&#8220;50%&#8220; width_tablet=&#8220;50%&#8220; width_phone=&#8220;100%&#8220; width_last_edited=&#8220;on|phone&#8220; module_alignment=&#8220;right&#8220; custom_padding=&#8220;40px|40px|40px|40px|true|true&#8220; custom_padding_tablet=&#8220;40px|40px|40px|40px|true|true&#8220; custom_padding_phone=&#8220;10px|10px|10px|10px|true|true&#8220; global_colors_info=&#8220;{}&#8220; width__hover_enabled=&#8220;off|desktop&#8220;][et_pb_column type=&#8220;4_4&#8243; _builder_version=&#8220;4.27.0&#8243; _module_preset=&#8220;default&#8220; global_colors_info=&#8220;{}&#8220;][et_pb_text _builder_version=&#8220;4.27.0&#8243; _module_preset=&#8220;default&#8220; text_text_color=&#8220;#FFFFFF&#8220; text_font_size=&#8220;15px&#8220; header_4_font=&#8220;|300|||||||&#8220; header_4_text_color=&#8220;#FFFFFF&#8220; header_4_font_size=&#8220;26px&#8220; text_orientation=&#8220;right&#8220; text_font_size_tablet=&#8220;15px&#8220; text_font_size_phone=&#8220;12px&#8220; text_font_size_last_edited=&#8220;on|phone&#8220; header_4_font_size_tablet=&#8220;26px&#8220; header_4_font_size_phone=&#8220;19px&#8220; header_4_font_size_last_edited=&#8220;on|phone&#8220; global_colors_info=&#8220;{}&#8220;]<\/p>\n<h4>La massima perfezione dell'anima \u00e8 la sua capacit\u00e0 di gioia.<\/h4>\n<p><span>~Luc de Clapiers Vauvenargue<\/span><\/p>\n<p>[\/et_pb_text][\/et_pb_column][\/et_pb_row][\/et_pb_section][et_pb_section fb_built=&#8220;1&#8243; disabled_on=&#8220;off|off|on&#8220; _builder_version=&#8220;4.27.0&#8243; _module_preset=&#8220;default&#8220; custom_padding=&#8220;0px||0px||false|false&#8220; global_colors_info=&#8220;{}&#8220;][et_pb_row _builder_version=&#8220;4.27.4&#8243; _module_preset=&#8220;default&#8220; background_image=&#8220;https:\/\/mdm-training.com\/wp-content\/uploads\/2024\/08\/110-111.jpg&#8220; width=&#8220;100%&#8220; custom_padding=&#8220;0px||0px||false|false&#8220; global_colors_info=&#8220;{}&#8220;][et_pb_column type=&#8220;4_4&#8243; _builder_version=&#8220;4.27.0&#8243; _module_preset=&#8220;default&#8220; global_colors_info=&#8220;{}&#8220;][et_pb_image src=&#8220;https:\/\/mdm-training.com\/wp-content\/uploads\/2024\/08\/110-111.jpg&#8220; title_text=&#8220;110-11%911%93&#8243; _builder_version=&#8220;4.27.4&#8243; _module_preset=&#8220;default&#8220; global_colors_info=&#8220;{}&#8220;][\/et_pb_image][\/et_pb_column][\/et_pb_row][et_pb_row custom_padding_last_edited=&#8220;on|phone&#8220; _builder_version=&#8220;4.27.0&#8243; _module_preset=&#8220;default&#8220; background_color=&#8220;rgba(158,201,67,0.83)&#8220; width=&#8220;50%&#8220; width_tablet=&#8220;50%&#8220; width_phone=&#8220;100%&#8220; width_last_edited=&#8220;on|phone&#8220; module_alignment=&#8220;right&#8220; custom_padding=&#8220;40px|40px|40px|40px|true|true&#8220; custom_padding_tablet=&#8220;40px|40px|40px|40px|true|true&#8220; custom_padding_phone=&#8220;15px|15px|15px|15px|true|true&#8220; global_colors_info=&#8220;{}&#8220; width__hover_enabled=&#8220;off|desktop&#8220;][et_pb_column type=&#8220;4_4&#8243; _builder_version=&#8220;4.27.0&#8243; _module_preset=&#8220;default&#8220; global_colors_info=&#8220;{}&#8220;][et_pb_text _builder_version=&#8220;4.27.0&#8243; _module_preset=&#8220;default&#8220; text_text_color=&#8220;#FFFFFF&#8220; text_font_size=&#8220;15px&#8220; header_4_font=&#8220;|300|||||||&#8220; header_4_text_color=&#8220;#FFFFFF&#8220; header_4_font_size=&#8220;26px&#8220; text_orientation=&#8220;right&#8220; text_font_size_tablet=&#8220;15px&#8220; text_font_size_phone=&#8220;12px&#8220; text_font_size_last_edited=&#8220;on|phone&#8220; header_4_font_size_tablet=&#8220;26px&#8220; header_4_font_size_phone=&#8220;19px&#8220; header_4_font_size_last_edited=&#8220;on|phone&#8220; global_colors_info=&#8220;{}&#8220;]<\/p>\n<h4>La massima perfezione dell'anima \u00e8 la sua capacit\u00e0 di gioia.<\/h4>\n<p><span>~Luc de Clapiers Vauvenargue<\/span><\/p>\n<p>[\/et_pb_text][\/et_pb_column][\/et_pb_row][\/et_pb_section][et_pb_section fb_built=&#8220;1&#8243; _builder_version=&#8220;4.27.0&#8243; _module_preset=&#8220;default&#8220; global_colors_info=&#8220;{}&#8220;][et_pb_row custom_padding_last_edited=&#8220;on|phone&#8220; _builder_version=&#8220;4.27.0&#8243; _module_preset=&#8220;default&#8220; width_tablet=&#8220;&#8220; width_phone=&#8220;90%&#8220; width_last_edited=&#8220;on|phone&#8220; custom_padding_tablet=&#8220;&#8220; custom_padding_phone=&#8220;0px||0px||false|false&#8220; global_colors_info=&#8220;{}&#8220;][et_pb_column type=&#8220;4_4&#8243; _builder_version=&#8220;4.27.0&#8243; _module_preset=&#8220;default&#8220; global_colors_info=&#8220;{}&#8220;][et_pb_text _builder_version=&#8220;4.27.0&#8243; _module_preset=&#8220;default&#8220; header_font=&#8220;|700|||||||&#8220; header_text_color=&#8220;#3f6123&#8243; header_font_size=&#8220;36px&#8220; custom_margin=&#8220;||5px||false|false&#8220; header_font_size_tablet=&#8220;36px&#8220; header_font_size_phone=&#8220;30px&#8220; header_font_size_last_edited=&#8220;on|phone&#8220; global_colors_info=&#8220;{}&#8220;]<\/p>\n<h1>Ritratto e filosofia<\/h1>\n<p>[\/et_pb_text][et_pb_divider divider_weight=&#8220;8px&#8220; divider_weight_tablet=&#8220;8px&#8220; divider_weight_phone=&#8220;5px&#8220; divider_weight_last_edited=&#8220;on|phone&#8220; _builder_version=&#8220;4.27.0&#8243; _module_preset=&#8220;default&#8220; width=&#8220;7%&#8220; width_tablet=&#8220;7%&#8220; width_phone=&#8220;17%&#8220; width_last_edited=&#8220;on|phone&#8220; custom_margin=&#8220;||5px||false|false&#8220; global_colors_info=&#8220;{}&#8220;][\/et_pb_divider][et_pb_text _builder_version=&#8220;4.27.0&#8243; _module_preset=&#8220;default&#8220; text_font_size_tablet=&#8220;&#8220; text_font_size_phone=&#8220;14px&#8220; text_font_size_last_edited=&#8220;on|phone&#8220; global_colors_info=&#8220;{}&#8220;]<\/p>\n<p>Fin dalla prima giovinezza mi sono interessata alle persone, ai loro movimenti interni ed esterni, alla loro profondit\u00e0 e bellezza, alle loro capacit\u00e0 di contatto. La vendita, la recitazione e la danza, lo sviluppo di reparti funzionanti fanno parte della mia esplorazione delle persone da quando ho iniziato la mia vita professionale. Nella formazione, nella consulenza e nel coaching, trovo la fusione della mia esperienza e della mia curiosit\u00e0, che sembra non esaurirsi mai.<\/p>\n<p>[\/et_pb_text][\/et_pb_column][\/et_pb_row][et_pb_row column_structure=&#8220;1_2,1_2&#8243; _builder_version=&#8220;4.27.0&#8243; _module_preset=&#8220;default&#8220; width_tablet=&#8220;&#8220; width_phone=&#8220;90%&#8220; width_last_edited=&#8220;on|phone&#8220; global_colors_info=&#8220;{}&#8220;][et_pb_column type=&#8220;1_2&#8243; _builder_version=&#8220;4.27.0&#8243; _module_preset=&#8220;default&#8220; global_colors_info=&#8220;{}&#8220;][et_pb_accordion closed_toggle_text_color=&#8220;#FFFFFF&#8220; closed_toggle_background_color=&#8220;#9ec943&#8243; icon_color=&#8220;#FFFFFF&#8220; _builder_version=&#8220;4.27.0&#8243; _module_preset=&#8220;default&#8220; toggle_text_color=&#8220;#3f6123&#8243; toggle_line_height=&#8220;1.2em&#8220; body_font=&#8220;||||||||&#8220; custom_margin=&#8220;||||false|false&#8220; custom_padding=&#8220;||||false|false&#8220; global_colors_info=&#8220;{}&#8220;][et_pb_accordion_item title=&#8220;Mariella De Matteis, dipl. Kommunikationstrainerin NDS HF&#8220; _builder_version=&#8220;4.27.0&#8243; _module_preset=&#8220;default&#8220; global_colors_info=&#8220;{}&#8220; open=&#8220;on&#8220;]<\/p>\n<p>...anche libraia, attrice, coordinatrice delle vendite e sistema. Allenatore...<\/p>\n<p>&#8211;&gt; seit 2002 selbst\u00e4ndige Beraterin, Trainerin und Coach<\/p>\n<p><strong>Ausbildungen<\/strong><\/p>\n<ul>\n<li>CAS Agile Culture Creator (Abschluss Fr\u00fchling 26)<\/li>\n<li>Allenatore sistemico (CTAS)<\/li>\n<li>CAS Organisationsentwicklung und Changemanagement<\/li>\n<li>formatore certificato di comunicazione HF NDS<\/li>\n<li>Ausbildnerin mit Fachausweis<\/li>\n<li>Verkaufskoordinatorin<\/li>\n<li>Buchh\u00e4ndlerin mit Fachausweis<\/li>\n<\/ul>\n<p>[\/et_pb_accordion_item][et_pb_accordion_item title=&#8220;Zu meinen Stationen einer Trainerin und Beraterin geh\u00f6ren&#8220; _builder_version=&#8220;4.27.0&#8243; _module_preset=&#8220;default&#8220; global_colors_info=&#8220;{}&#8220; open=&#8220;off&#8220;]<\/p>\n<p>&nbsp;<\/p>\n<p><strong><\/strong><\/p>\n<ul>\n<li>leitende Positionen (Team- und Bereichsleitung) in Verkaufsabteilungen<\/li>\n<li>Sviluppo ed espansione di un centro di contatto con funzione di key account<\/li>\n<li>Molti anni di vendite attive in negozio e al telefono<\/li>\n<li>Dramma e danza di tanto in tanto<\/li>\n<\/ul>\n<p>[\/et_pb_accordion_item][et_pb_accordion_item title=&#8220;Zu meinen Leidenschaften geh\u00f6ren&#8220; _builder_version=&#8220;4.27.0&#8243; _module_preset=&#8220;default&#8220; global_colors_info=&#8220;{}&#8220; open=&#8220;off&#8220;]<\/p>\n<ul>\n<li>narrativa (romanzi polizieschi, romanzi storici)<\/li>\n<li>Letteratura specializzata (psicologia, comunicazione interpersonale)<\/li>\n<li>Cinema europeo<\/li>\n<li>Cucina orientale - pi\u00f9 un'offerta speciale in Ticino <span style=\"text-decoration: underline;\"><a href=\"https:\/\/mdm-training.com\/it\/angebot\/angebot-im-tessin\/\">qui<\/a><\/span> oppure <a href=\"https:\/\/mdm-training.com\/it\/angebot\/kochen-und-achtsamkeit\/\"><span style=\"text-decoration: underline;\">qui<\/span><\/a><\/li>\n<li>Il tango argentino - che pu\u00f2 anche far parte di un programma di formazione<\/li>\n<\/ul>\n<p>[\/et_pb_accordion_item][et_pb_accordion_item title=&#8220;Philosophie&#8220; _builder_version=&#8220;4.27.0&#8243; _module_preset=&#8220;default&#8220; global_colors_info=&#8220;{}&#8220; open=&#8220;off&#8220;]<\/p>\n<p>Essendo figlia di genitori immigrati, ho imparato presto non solo a orientarmi nei sistemi stranieri, ma anche a vedere le opportunit\u00e0 al loro interno. Questa esperienza mi accompagna ogni giorno ed \u00e8 fortemente legata a qualcosa che rappresento nel mio lavoro di consulente, formatore e coach. Charlie Chaplin l'ha detto molto bene. <a href=\"https:\/\/mdm-training.com\/wp-content\/uploads\/2024\/08\/rede_chaplin1.pdf\" target=\"_blank\" rel=\"noopener\"><span style=\"text-decoration: underline;\">Qui<\/span><\/a> piu informazioni.<\/p>\n<p>...tra l'altro, <span style=\"text-decoration: underline;\"><a href=\"https:\/\/www.littlewinti.ch\/mdm\" target=\"_blank\" rel=\"noopener\">qui<\/a><\/span> ancora la mia esperienza della pandemia in isolamento<\/p>\n<p>[\/et_pb_accordion_item][et_pb_accordion_item title=&#8220;Eine weitere Leidenschaft und Ehrenamtliches&#8220; open=&#8220;off&#8220; _builder_version=&#8220;4.27.0&#8243; _module_preset=&#8220;default&#8220; global_colors_info=&#8220;{}&#8220;]<\/p>\n<p>Da mich das Kochen und die Gemeinschaft an langen Tafeln faszinieren, lasse ich mich gerne von Zutaten (manchmal auch aus dem eigenen Garten) und Rezepten inspirieren. Aus diesem Grund &#8211; und noch ein paar anderen Gr\u00fcnden &#8211; gr\u00fcndete ich die Tavolata mit humanit\u00e4rem Charakter. Ein Artikel im Landboten ist <span style=\"text-decoration: underline;\"><a href=\"https:\/\/mdm-training.com\/wp-content\/uploads\/2024\/08\/Artikel_tavolata1.pdf\">qui<\/a><\/span> zu lesen.<\/p>\n<p><strong>Ehrenamtliche T\u00e4tigkeiten<\/strong><\/p>\n<p>seit 2015 Helferin Bar\/Kasse Kino Cameo, Lagerplatz Winterthur<\/p>\n<p>seit 2018 Vorstand Ortsverein Stadel\/Grundhof<\/p>\n<p>seit 2025 Vorstand Verein Lagerplatz, Winterthur<\/p>\n<p><strong><\/strong><\/p>\n<p>[\/et_pb_accordion_item][\/et_pb_accordion][\/et_pb_column][et_pb_column type=&#8220;1_2&#8243; _builder_version=&#8220;4.27.0&#8243; _module_preset=&#8220;default&#8220; global_colors_info=&#8220;{}&#8220;][et_pb_image src=&#8220;https:\/\/mdm-training.com\/wp-content\/uploads\/2024\/08\/DSC8763-auschnitt1.jpg&#8220; title_text=&#8220;_DSC8763-auschnitt%911%93&#8243; _builder_version=&#8220;4.27.0&#8243; _module_preset=&#8220;default&#8220; global_colors_info=&#8220;{}&#8220;][\/et_pb_image][\/et_pb_column][\/et_pb_row][\/et_pb_section]<\/p>","protected":false},"excerpt":{"rendered":"<p>Die h\u00f6chste Vollkommenheit der Seele ist ihre F\u00e4higkeit zur Freude. ~Luc de Clapiers VauvenargueDie h\u00f6chste Vollkommenheit der Seele ist ihre F\u00e4higkeit zur Freude. ~Luc de Clapiers VauvenarguePortrait und PhilosophieSeit meiner fr\u00fchen Jugend besch\u00e4ftigt mich der Mensch, seine inneren und \u00e4usseren Bewegungen, seine Tiefe und Sch\u00f6nheit, seine F\u00e4higkeiten im Kontakt. Der Verkauf, das Schauspiel und der [&hellip;]<\/p>","protected":false},"author":1,"featured_media":0,"parent":0,"menu_order":6,"comment_status":"closed","ping_status":"closed","template":"","meta":{"_et_pb_use_builder":"on","_et_pb_old_content":"<!-- wp:divi\/placeholder \/-->","_et_gb_content_width":"","inline_featured_image":false,"footnotes":""},"class_list":["post-38","page","type-page","status-publish","hentry"],"_links":{"self":[{"href":"https:\/\/mdm-training.com\/it\/wp-json\/wp\/v2\/pages\/38","targetHints":{"allow":["GET"]}}],"collection":[{"href":"https:\/\/mdm-training.com\/it\/wp-json\/wp\/v2\/pages"}],"about":[{"href":"https:\/\/mdm-training.com\/it\/wp-json\/wp\/v2\/types\/page"}],"author":[{"embeddable":true,"href":"https:\/\/mdm-training.com\/it\/wp-json\/wp\/v2\/users\/1"}],"replies":[{"embeddable":true,"href":"https:\/\/mdm-training.com\/it\/wp-json\/wp\/v2\/comments?post=38"}],"version-history":[{"count":16,"href":"https:\/\/mdm-training.com\/it\/wp-json\/wp\/v2\/pages\/38\/revisions"}],"predecessor-version":[{"id":697,"href":"https:\/\/mdm-training.com\/it\/wp-json\/wp\/v2\/pages\/38\/revisions\/697"}],"wp:attachment":[{"href":"https:\/\/mdm-training.com\/it\/wp-json\/wp\/v2\/media?parent=38"}],"curies":[{"name":"wp","href":"https:\/\/api.w.org\/{rel}","templated":true}]}}