{"id":24,"date":"2024-08-15T05:29:58","date_gmt":"2024-08-15T05:29:58","guid":{"rendered":"https:\/\/mdm-training.com\/?page_id=24"},"modified":"2025-09-16T17:37:15","modified_gmt":"2025-09-16T17:37:15","slug":"teambildung","status":"publish","type":"page","link":"https:\/\/mdm-training.com\/it\/angebot\/teambildung\/","title":{"rendered":"Teamentwicklung"},"content":{"rendered":"[et_pb_section fb_built=&#8220;1&#8243; disabled_on=&#8220;on|on|off&#8220; _builder_version=&#8220;4.27.0&#8243; _module_preset=&#8220;default&#8220; background_image=&#8220;https:\/\/mdm-training.com\/wp-content\/uploads\/2024\/08\/113-101.jpg&#8220; custom_padding=&#8220;13vw||3vw||false|false&#8220; global_colors_info=&#8220;{}&#8220;][et_pb_row custom_padding_last_edited=&#8220;on|phone&#8220; _builder_version=&#8220;4.27.0&#8243; _module_preset=&#8220;default&#8220; background_color=&#8220;rgba(158,201,67,0.83)&#8220; width=&#8220;50%&#8220; width_tablet=&#8220;50%&#8220; width_phone=&#8220;100%&#8220; width_last_edited=&#8220;on|phone&#8220; module_alignment=&#8220;right&#8220; custom_padding=&#8220;40px|40px|40px|40px|true|true&#8220; custom_padding_tablet=&#8220;40px|40px|40px|40px|true|true&#8220; custom_padding_phone=&#8220;10px|10px|10px|10px|true|true&#8220; global_colors_info=&#8220;{}&#8220; width__hover_enabled=&#8220;off|desktop&#8220;][et_pb_column type=&#8220;4_4&#8243; _builder_version=&#8220;4.27.0&#8243; _module_preset=&#8220;default&#8220; global_colors_info=&#8220;{}&#8220;][et_pb_text _builder_version=&#8220;4.27.0&#8243; _module_preset=&#8220;default&#8220; text_text_color=&#8220;#FFFFFF&#8220; text_font_size=&#8220;15px&#8220; header_4_font=&#8220;|300|||||||&#8220; header_4_text_color=&#8220;#FFFFFF&#8220; header_4_font_size=&#8220;26px&#8220; text_orientation=&#8220;right&#8220; text_font_size_tablet=&#8220;15px&#8220; text_font_size_phone=&#8220;12px&#8220; text_font_size_last_edited=&#8220;on|phone&#8220; header_4_font_size_tablet=&#8220;26px&#8220; header_4_font_size_phone=&#8220;19px&#8220; header_4_font_size_last_edited=&#8220;on|phone&#8220; global_colors_info=&#8220;{}&#8220;]<h4>Unirsi \u00e8 un inizio, restare insieme \u00e8 un progresso, lavorare insieme \u00e8 un successo.<\/h4>\n<span>~Henry Ford<\/span>[\/et_pb_text][\/et_pb_column][\/et_pb_row][\/et_pb_section][et_pb_section fb_built=&#8220;1&#8243; disabled_on=&#8220;off|off|on&#8220; _builder_version=&#8220;4.27.0&#8243; _module_preset=&#8220;default&#8220; custom_padding=&#8220;0px||0px||false|false&#8220; global_colors_info=&#8220;{}&#8220;][et_pb_row _builder_version=&#8220;4.27.0&#8243; _module_preset=&#8220;default&#8220; width=&#8220;100%&#8220; custom_padding=&#8220;0px||0px||false|false&#8220; global_colors_info=&#8220;{}&#8220;][et_pb_column type=&#8220;4_4&#8243; _builder_version=&#8220;4.27.0&#8243; _module_preset=&#8220;default&#8220; global_colors_info=&#8220;{}&#8220;][et_pb_image src=&#8220;https:\/\/mdm-training.com\/wp-content\/uploads\/2024\/08\/113-101.jpg&#8220; title_text=&#8220;113-10%911%93&#8243; _builder_version=&#8220;4.27.0&#8243; _module_preset=&#8220;default&#8220; global_colors_info=&#8220;{}&#8220;][\/et_pb_image][\/et_pb_column][\/et_pb_row][et_pb_row custom_padding_last_edited=&#8220;on|phone&#8220; _builder_version=&#8220;4.27.0&#8243; _module_preset=&#8220;default&#8220; background_color=&#8220;rgba(158,201,67,0.83)&#8220; width=&#8220;50%&#8220; width_tablet=&#8220;50%&#8220; width_phone=&#8220;100%&#8220; width_last_edited=&#8220;on|phone&#8220; module_alignment=&#8220;right&#8220; custom_padding=&#8220;40px|40px|40px|40px|true|true&#8220; custom_padding_tablet=&#8220;40px|40px|40px|40px|true|true&#8220; custom_padding_phone=&#8220;15px|15px|15px|15px|true|true&#8220; global_colors_info=&#8220;{}&#8220; width__hover_enabled=&#8220;off|desktop&#8220;][et_pb_column type=&#8220;4_4&#8243; _builder_version=&#8220;4.27.0&#8243; _module_preset=&#8220;default&#8220; global_colors_info=&#8220;{}&#8220;][et_pb_text _builder_version=&#8220;4.27.0&#8243; _module_preset=&#8220;default&#8220; text_text_color=&#8220;#FFFFFF&#8220; text_font_size=&#8220;15px&#8220; header_4_font=&#8220;|300|||||||&#8220; header_4_text_color=&#8220;#FFFFFF&#8220; header_4_font_size=&#8220;26px&#8220; text_orientation=&#8220;right&#8220; text_font_size_tablet=&#8220;15px&#8220; text_font_size_phone=&#8220;12px&#8220; text_font_size_last_edited=&#8220;on|phone&#8220; header_4_font_size_tablet=&#8220;26px&#8220; header_4_font_size_phone=&#8220;19px&#8220; header_4_font_size_last_edited=&#8220;on|phone&#8220; global_colors_info=&#8220;{}&#8220;]<h4>Unirsi \u00e8 un inizio, restare insieme \u00e8 un progresso, lavorare insieme \u00e8 un successo.<\/h4>\n<span>~Henry Ford<\/span>[\/et_pb_text][\/et_pb_column][\/et_pb_row][\/et_pb_section][et_pb_section fb_built=&#8220;1&#8243; _builder_version=&#8220;4.27.0&#8243; _module_preset=&#8220;default&#8220; global_colors_info=&#8220;{}&#8220;][et_pb_row custom_padding_last_edited=&#8220;on|phone&#8220; _builder_version=&#8220;4.27.0&#8243; _module_preset=&#8220;default&#8220; width_tablet=&#8220;&#8220; width_phone=&#8220;90%&#8220; width_last_edited=&#8220;on|phone&#8220; custom_padding_tablet=&#8220;&#8220; custom_padding_phone=&#8220;0px||0px||false|false&#8220; global_colors_info=&#8220;{}&#8220;][et_pb_column type=&#8220;4_4&#8243; _builder_version=&#8220;4.27.0&#8243; _module_preset=&#8220;default&#8220; global_colors_info=&#8220;{}&#8220;][et_pb_text _builder_version=&#8220;4.27.0&#8243; _module_preset=&#8220;default&#8220; header_font=&#8220;|700|||||||&#8220; header_text_color=&#8220;#3f6123&#8243; header_font_size=&#8220;36px&#8220; custom_margin=&#8220;||5px||false|false&#8220; header_font_size_tablet=&#8220;36px&#8220; header_font_size_phone=&#8220;30px&#8220; header_font_size_last_edited=&#8220;on|phone&#8220; global_colors_info=&#8220;{}&#8220;]<h1>Teamentwicklung<\/h1>[\/et_pb_text][et_pb_divider divider_weight=&#8220;8px&#8220; divider_weight_tablet=&#8220;8px&#8220; divider_weight_phone=&#8220;5px&#8220; divider_weight_last_edited=&#8220;on|phone&#8220; _builder_version=&#8220;4.27.0&#8243; _module_preset=&#8220;default&#8220; width=&#8220;7%&#8220; width_tablet=&#8220;7%&#8220; width_phone=&#8220;17%&#8220; width_last_edited=&#8220;on|phone&#8220; custom_margin=&#8220;||5px||false|false&#8220; global_colors_info=&#8220;{}&#8220;][\/et_pb_divider][et_pb_text _builder_version=&#8220;4.27.0&#8243; _module_preset=&#8220;default&#8220; text_font_size_tablet=&#8220;&#8220; text_font_size_phone=&#8220;14px&#8220; text_font_size_last_edited=&#8220;on|phone&#8220; global_colors_info=&#8220;{}&#8220;]Teams, die gut zusammenarbeiten, f\u00f6rdern und unterst\u00fctzen die Umsetzung von strategischen Zielen auf\u2019s H\u00f6chste. In meiner Erfahrung sehe ich Menschen als Mitarbeitende in Teams, die sich deutlich leichter im Wandlungsprozess ihres Unternehmens orientieren k\u00f6nnen, wenn sie sowohl sich selbst wie ihre Kolleg*innen erkennen und annehmen k\u00f6nnen.[\/et_pb_text][\/et_pb_column][\/et_pb_row][\/et_pb_section][et_pb_section fb_built=&#8220;1&#8243; _builder_version=&#8220;4.27.0&#8243; _module_preset=&#8220;default&#8220; global_colors_info=&#8220;{}&#8220;][et_pb_row column_structure=&#8220;1_2,1_2&#8243; make_equal=&#8220;on&#8220; _builder_version=&#8220;4.27.0&#8243; _module_preset=&#8220;default&#8220; background_color=&#8220;#3f6123&#8243; width_tablet=&#8220;&#8220; width_phone=&#8220;100%&#8220; width_last_edited=&#8220;on|phone&#8220; custom_padding=&#8220;0px||0px||false|false&#8220; global_colors_info=&#8220;{}&#8220;][et_pb_column type=&#8220;1_2&#8243; _builder_version=&#8220;4.27.0&#8243; _module_preset=&#8220;default&#8220; background_enable_color=&#8220;off&#8220; custom_padding=&#8220;30px|30px|30px|30px|true|true&#8220; global_colors_info=&#8220;{}&#8220;][et_pb_text _builder_version=&#8220;4.27.0&#8243; _module_preset=&#8220;default&#8220; header_font=&#8220;|700|||||||&#8220; header_text_color=&#8220;#3f6123&#8243; header_font_size=&#8220;36px&#8220; header_2_font=&#8220;|700|||||||&#8220; header_2_text_color=&#8220;#FFFFFF&#8220; header_2_font_size=&#8220;32px&#8220; custom_margin=&#8220;||5px||false|false&#8220; header_font_size_tablet=&#8220;36px&#8220; header_font_size_phone=&#8220;30px&#8220; header_font_size_last_edited=&#8220;on|phone&#8220; header_2_font_size_tablet=&#8220;32px&#8220; header_2_font_size_phone=&#8220;26px&#8220; header_2_font_size_last_edited=&#8220;on|phone&#8220; locked=&#8220;off&#8220; global_colors_info=&#8220;{}&#8220;]<h2>possibili temi\n<\/h2>[\/et_pb_text][et_pb_divider divider_weight=&#8220;8px&#8220; divider_weight_tablet=&#8220;8px&#8220; divider_weight_phone=&#8220;5px&#8220; divider_weight_last_edited=&#8220;on|phone&#8220; _builder_version=&#8220;4.27.0&#8243; _module_preset=&#8220;default&#8220; width=&#8220;15%&#8220; width_tablet=&#8220;7%&#8220; width_phone=&#8220;17%&#8220; width_last_edited=&#8220;on|phone&#8220; custom_margin=&#8220;||0px||false|false&#8220; locked=&#8220;off&#8220; global_colors_info=&#8220;{}&#8220;][\/et_pb_divider][et_pb_text _builder_version=&#8220;4.27.0&#8243; _module_preset=&#8220;default&#8220; text_text_color=&#8220;#FFFFFF&#8220; text_font_size=&#8220;14px&#8220; text_line_height=&#8220;1.4em&#8220; link_text_color=&#8220;#9ec943&#8243; text_font_size_tablet=&#8220;&#8220; text_font_size_phone=&#8220;14px&#8220; text_font_size_last_edited=&#8220;on|phone&#8220; locked=&#8220;off&#8220; global_colors_info=&#8220;{}&#8220;]<p>Collaborazione secondo modelli come l'HBDI (da parte di formatori certificati)<br \/>L'individualit\u00e0 come elemento portante del gruppo<br \/>Dare e accettare feedback<br \/>La comunicazione costruttiva secondo Marshal B. Rosenberg<br \/>Esercizi al chiuso e all'aperto per una comunit\u00e0 vivace<br \/>Realizzazione degli obiettivi strategici del team<\/p>\n<p>Sopra argomenti anche a Gerra Gambarogno (direttamente sul Lago Maggiore) con cucina se si desidera. Vedere un filmato al riguardo <span style=\"text-decoration: underline;\"><a href=\"https:\/\/mdm-training.com\/it\/angebot\/angebot-im-tessin\/\">qui<\/a><\/span>.<\/p>\n<p>Contenuti a titolo di esempio per 1,5 giorni (2 giorni con il viaggio) Team building a Casa Cristina sul Lago Maggiore <span style=\"text-decoration: underline;\"><a href=\"https:\/\/mdm-training.com\/wp-content\/uploads\/2024\/08\/Angebot_casa_strategie_1komma5tage_20221.pdf\">qui<\/a><\/span>.<\/p>[\/et_pb_text][\/et_pb_column][et_pb_column type=&#8220;1_2&#8243; _builder_version=&#8220;4.27.0&#8243; _module_preset=&#8220;default&#8220; background_image=&#8220;https:\/\/mdm-training.com\/wp-content\/uploads\/2024\/08\/teambildung1.jpg&#8220; global_colors_info=&#8220;{}&#8220;][et_pb_image src=&#8220;https:\/\/mdm-training.com\/wp-content\/uploads\/2024\/08\/teambildung1.jpg&#8220; title_text=&#8220;teambildung%911%93&#8243; disabled_on=&#8220;off|off|on&#8220; _builder_version=&#8220;4.27.0&#8243; _module_preset=&#8220;default&#8220; global_colors_info=&#8220;{}&#8220;][\/et_pb_image][\/et_pb_column][\/et_pb_row][\/et_pb_section]","protected":false},"excerpt":{"rendered":"<p>Zusammenkommen ist ein Beginn, zusammenbleiben ist ein Fortschritt, zusammenarbeiten ist ein Erfolg. ~Henry FordZusammenkommen ist ein Beginn, zusammenbleiben ist ein Fortschritt, zusammenarbeiten ist ein Erfolg. ~Henry FordTeamentwicklungTeams, die gut zusammenarbeiten, f\u00f6rdern und unterst\u00fctzen die Umsetzung von strategischen Zielen auf\u2019s H\u00f6chste. In meiner Erfahrung sehe ich Menschen als Mitarbeitende in Teams, die sich deutlich leichter im [&hellip;]<\/p>","protected":false},"author":1,"featured_media":0,"parent":20,"menu_order":0,"comment_status":"closed","ping_status":"closed","template":"","meta":{"_et_pb_use_builder":"on","_et_pb_old_content":"<!-- wp:divi\/placeholder \/-->","_et_gb_content_width":"","inline_featured_image":false,"footnotes":""},"class_list":["post-24","page","type-page","status-publish","hentry"],"_links":{"self":[{"href":"https:\/\/mdm-training.com\/it\/wp-json\/wp\/v2\/pages\/24","targetHints":{"allow":["GET"]}}],"collection":[{"href":"https:\/\/mdm-training.com\/it\/wp-json\/wp\/v2\/pages"}],"about":[{"href":"https:\/\/mdm-training.com\/it\/wp-json\/wp\/v2\/types\/page"}],"author":[{"embeddable":true,"href":"https:\/\/mdm-training.com\/it\/wp-json\/wp\/v2\/users\/1"}],"replies":[{"embeddable":true,"href":"https:\/\/mdm-training.com\/it\/wp-json\/wp\/v2\/comments?post=24"}],"version-history":[{"count":7,"href":"https:\/\/mdm-training.com\/it\/wp-json\/wp\/v2\/pages\/24\/revisions"}],"predecessor-version":[{"id":692,"href":"https:\/\/mdm-training.com\/it\/wp-json\/wp\/v2\/pages\/24\/revisions\/692"}],"up":[{"embeddable":true,"href":"https:\/\/mdm-training.com\/it\/wp-json\/wp\/v2\/pages\/20"}],"wp:attachment":[{"href":"https:\/\/mdm-training.com\/it\/wp-json\/wp\/v2\/media?parent=24"}],"curies":[{"name":"wp","href":"https:\/\/api.w.org\/{rel}","templated":true}]}}