{"id":18,"date":"2024-08-15T05:29:05","date_gmt":"2024-08-15T05:29:05","guid":{"rendered":"https:\/\/mdm-training.com\/?page_id=18"},"modified":"2025-01-03T14:37:13","modified_gmt":"2025-01-03T14:37:13","slug":"publikationen-und-literaturempfehlungen","status":"publish","type":"page","link":"https:\/\/mdm-training.com\/it\/aktuelles\/publikationen-und-literaturempfehlungen\/","title":{"rendered":"Pubblicazioni e letture consigliate"},"content":{"rendered":"<p>[et_pb_section fb_built=&#8220;1&#8243; disabled_on=&#8220;on|on|off&#8220; _builder_version=&#8220;4.27.0&#8243; _module_preset=&#8220;default&#8220; background_image=&#8220;https:\/\/mdm-training.com\/wp-content\/uploads\/2024\/08\/110-111.jpg&#8220; custom_padding=&#8220;13vw||3vw||false|false&#8220; global_colors_info=&#8220;{}&#8220;][et_pb_row custom_padding_last_edited=&#8220;on|phone&#8220; _builder_version=&#8220;4.27.0&#8243; _module_preset=&#8220;default&#8220; background_color=&#8220;rgba(158,201,67,0.83)&#8220; width=&#8220;50%&#8220; width_tablet=&#8220;50%&#8220; width_phone=&#8220;100%&#8220; width_last_edited=&#8220;on|phone&#8220; module_alignment=&#8220;right&#8220; custom_padding=&#8220;40px|40px|40px|40px|true|true&#8220; custom_padding_tablet=&#8220;40px|40px|40px|40px|true|true&#8220; custom_padding_phone=&#8220;10px|10px|10px|10px|true|true&#8220; global_colors_info=&#8220;{}&#8220; width__hover_enabled=&#8220;off|desktop&#8220;][et_pb_column type=&#8220;4_4&#8243; _builder_version=&#8220;4.27.0&#8243; _module_preset=&#8220;default&#8220; global_colors_info=&#8220;{}&#8220;][et_pb_text _builder_version=&#8220;4.27.0&#8243; _module_preset=&#8220;default&#8220; text_text_color=&#8220;#FFFFFF&#8220; text_font_size=&#8220;15px&#8220; header_4_font=&#8220;|300|||||||&#8220; header_4_text_color=&#8220;#FFFFFF&#8220; header_4_font_size=&#8220;26px&#8220; text_orientation=&#8220;right&#8220; text_font_size_tablet=&#8220;15px&#8220; text_font_size_phone=&#8220;12px&#8220; text_font_size_last_edited=&#8220;on|phone&#8220; header_4_font_size_tablet=&#8220;26px&#8220; header_4_font_size_phone=&#8220;19px&#8220; header_4_font_size_last_edited=&#8220;on|phone&#8220; global_colors_info=&#8220;{}&#8220;]<\/p>\n<h4>Se consideriamo che siamo tutti pazzi, la vita \u00e8 spiegata<\/h4>\n<p><span>~Mark Twain<\/span>[\/et_pb_text][\/et_pb_column][\/et_pb_row][\/et_pb_section][et_pb_section fb_built=&#8220;1&#8243; disabled_on=&#8220;off|off|on&#8220; _builder_version=&#8220;4.27.0&#8243; _module_preset=&#8220;default&#8220; custom_padding=&#8220;0px||0px||false|false&#8220; global_colors_info=&#8220;{}&#8220;][et_pb_row _builder_version=&#8220;4.27.0&#8243; _module_preset=&#8220;default&#8220; width=&#8220;100%&#8220; custom_padding=&#8220;0px||0px||false|false&#8220; global_colors_info=&#8220;{}&#8220;][et_pb_column type=&#8220;4_4&#8243; _builder_version=&#8220;4.27.0&#8243; _module_preset=&#8220;default&#8220; global_colors_info=&#8220;{}&#8220;][et_pb_image src=&#8220;https:\/\/mdm-training.com\/wp-content\/uploads\/2024\/08\/110-111.jpg&#8220; title_text=&#8220;110-11%911%93&#8243; _builder_version=&#8220;4.27.0&#8243; _module_preset=&#8220;default&#8220; global_colors_info=&#8220;{}&#8220;][\/et_pb_image][\/et_pb_column][\/et_pb_row][et_pb_row custom_padding_last_edited=&#8220;on|phone&#8220; _builder_version=&#8220;4.27.0&#8243; _module_preset=&#8220;default&#8220; background_color=&#8220;rgba(158,201,67,0.83)&#8220; width=&#8220;50%&#8220; width_tablet=&#8220;50%&#8220; width_phone=&#8220;100%&#8220; width_last_edited=&#8220;on|phone&#8220; module_alignment=&#8220;right&#8220; custom_padding=&#8220;40px|40px|40px|40px|true|true&#8220; custom_padding_tablet=&#8220;40px|40px|40px|40px|true|true&#8220; custom_padding_phone=&#8220;15px|15px|15px|15px|true|true&#8220; global_colors_info=&#8220;{}&#8220; width__hover_enabled=&#8220;off|desktop&#8220;][et_pb_column type=&#8220;4_4&#8243; _builder_version=&#8220;4.27.0&#8243; _module_preset=&#8220;default&#8220; global_colors_info=&#8220;{}&#8220;][et_pb_text _builder_version=&#8220;4.27.0&#8243; _module_preset=&#8220;default&#8220; text_text_color=&#8220;#FFFFFF&#8220; text_font_size=&#8220;15px&#8220; header_4_font=&#8220;|300|||||||&#8220; header_4_text_color=&#8220;#FFFFFF&#8220; header_4_font_size=&#8220;26px&#8220; text_orientation=&#8220;right&#8220; text_font_size_tablet=&#8220;15px&#8220; text_font_size_phone=&#8220;12px&#8220; text_font_size_last_edited=&#8220;on|phone&#8220; header_4_font_size_tablet=&#8220;26px&#8220; header_4_font_size_phone=&#8220;19px&#8220; header_4_font_size_last_edited=&#8220;on|phone&#8220; global_colors_info=&#8220;{}&#8220;]<\/p>\n<h4>Se consideriamo che siamo tutti pazzi, la vita \u00e8 spiegata<\/h4>\n<p><span>~Mark Twain<\/span>[\/et_pb_text][\/et_pb_column][\/et_pb_row][\/et_pb_section][et_pb_section fb_built=&#8220;1&#8243; _builder_version=&#8220;4.27.0&#8243; _module_preset=&#8220;default&#8220; global_colors_info=&#8220;{}&#8220;][et_pb_row custom_padding_last_edited=&#8220;on|phone&#8220; _builder_version=&#8220;4.27.0&#8243; _module_preset=&#8220;default&#8220; width_tablet=&#8220;&#8220; width_phone=&#8220;90%&#8220; width_last_edited=&#8220;on|phone&#8220; custom_padding_tablet=&#8220;&#8220; custom_padding_phone=&#8220;0px||0px||false|false&#8220; global_colors_info=&#8220;{}&#8220;][et_pb_column type=&#8220;4_4&#8243; _builder_version=&#8220;4.27.0&#8243; _module_preset=&#8220;default&#8220; global_colors_info=&#8220;{}&#8220;][et_pb_text _builder_version=&#8220;4.27.0&#8243; _module_preset=&#8220;default&#8220; header_font=&#8220;|700|||||||&#8220; header_text_color=&#8220;#3f6123&#8243; header_font_size=&#8220;36px&#8220; custom_margin=&#8220;||5px||false|false&#8220; header_font_size_tablet=&#8220;36px&#8220; header_font_size_phone=&#8220;30px&#8220; header_font_size_last_edited=&#8220;on|phone&#8220; global_colors_info=&#8220;{}&#8220;]<\/p>\n<h1>Pubblicazioni e letture consigliate<br \/>\n<\/h1>\n<p>[\/et_pb_text][et_pb_divider divider_weight=&#8220;8px&#8220; divider_weight_tablet=&#8220;8px&#8220; divider_weight_phone=&#8220;5px&#8220; divider_weight_last_edited=&#8220;on|phone&#8220; _builder_version=&#8220;4.27.0&#8243; _module_preset=&#8220;default&#8220; width=&#8220;7%&#8220; width_tablet=&#8220;7%&#8220; width_phone=&#8220;17%&#8220; width_last_edited=&#8220;on|phone&#8220; custom_margin=&#8220;||5px||false|false&#8220; global_colors_info=&#8220;{}&#8220;][\/et_pb_divider][et_pb_text _builder_version=&#8220;4.27.0&#8243; _module_preset=&#8220;default&#8220; text_font_size_tablet=&#8220;&#8220; text_font_size_phone=&#8220;14px&#8220; text_font_size_last_edited=&#8220;on|phone&#8220; global_colors_info=&#8220;{}&#8220;]<\/p>\n<h3>Pubblicazioni degli ultimi anni (le pi\u00f9 recenti)<\/h3>\n<p><span style=\"text-decoration: underline;\"><a href=\"https:\/\/mdm-training.com\/wp-content\/uploads\/2024\/08\/artikel_curarviva_12211.pdf\" target=\"_blank\" rel=\"noopener\">\u201eDie Mitarbeitenden an das Unternehmen binden\u201c<\/a><\/span> Mariella De Matteis, Curaviva 12\/21<\/p>\n<p><a href=\"https:\/\/mdm-training.com\/wp-content\/uploads\/2024\/08\/power_of_comuunication_def1.pdf\" target=\"_blank\" rel=\"noopener\"><span style=\"text-decoration: underline;\">\u201eDie Power der Kommunikation?\u201c<\/span><\/a> Mariella De Matteis, KMU Rundschau 05\/19<\/p>\n<p><a href=\"https:\/\/mdm-training.com\/wp-content\/uploads\/2024\/08\/kmuRUNDSCHAU_06_2018_teambuilding1.pdf\" target=\"_blank\" rel=\"noopener\"><span style=\"text-decoration: underline;\">\u201eStiftest du schon oder bildest du noch?\u201c<\/span><\/a> Mariella De Matteis, KMU Rundschau 02\/18<\/p>\n<p><a href=\"https:\/\/mdm-training.com\/wp-content\/uploads\/2024\/08\/mdmtraining_Vom_Wohlbefinden_KMU_2015_011.pdf\" target=\"_blank\" rel=\"noopener\"><span style=\"text-decoration: underline;\">\u201eWohlf\u00fchlen am Arbeitsplatz\u201c<\/span><\/a> Mariella De Matteis, KMU Prestige 01\/15 und KMU Rundschau 02\/15<\/p>\n<p><a href=\"https:\/\/mdm-training.com\/wp-content\/uploads\/2024\/08\/KMU_02_2014_matteis1.pdf\" target=\"_blank\" rel=\"noopener\"><span style=\"text-decoration: underline;\">\u201eOrganisatorischer Wandel \u2013 Menschen im Widerstand darin erkennen und begleiten\u201c<\/span><\/a> Mariella De Matteis, KMU Rundschau 04\/14<\/p>\n<p><a href=\"https:\/\/mdm-training.com\/wp-content\/uploads\/2024\/08\/FrauMatteis1.pdf\" target=\"_blank\" rel=\"noopener\"><span style=\"text-decoration: underline;\">\u201eWas Mitarbeitende motiviert\u201c<\/span><\/a> Mariella De Matteis, Beilage Mitarbeiterfortbildung im \u201eErfolg\u201c, 10\/11, 2011<\/p>\n<p><a href=\"https:\/\/mdm-training.com\/wp-content\/uploads\/2024\/08\/expodata_08101.pdf\" target=\"_blank\" rel=\"noopener\"><span style=\"text-decoration: underline;\">\u201eWas, wenn der Flirt langweilig wird?\u201c<\/span><\/a> Mariella De Matteis, Expodata Aug. 2010<\/p>\n<p><a href=\"https:\/\/mdm-training.com\/wp-content\/uploads\/2024\/08\/stellefant_elavatorpitch_druck1.pdf\" target=\"_blank\" rel=\"noopener\"><span style=\"text-decoration: underline;\">\u201eElavotor Pitch\u201c<\/span><\/a> Mariella De Matteis\/Olivier Inhelder, Stellefant Basel Febr. 2010<\/p>\n<p><a href=\"https:\/\/mdm-training.com\/wp-content\/uploads\/2024\/08\/artikel_nr02091.pdf\" target=\"_blank\" rel=\"noopener\"><span style=\"text-decoration: underline;\">\u201eH\u00f6ren wir auf zu seminaren, beginnen wir zu transferieren\u201c<\/span><\/a> Mariella De Matteis, KMU Life 02\/09<\/p>\n<p><a href=\"https:\/\/mdm-training.com\/wp-content\/uploads\/2024\/08\/KMU_LIFE_04081.pdf\" target=\"_blank\" rel=\"noopener\"><span style=\"text-decoration: underline;\">\u201eVon K\u00f6niginnen und KundInnen\u201c<\/span><\/a> Mariella De Matteis, KMU Life 04\/08<\/p>\n<p><span style=\"text-decoration: underline;\"><a href=\"https:\/\/mdm-training.com\/wp-content\/uploads\/2024\/08\/KMULife_0407_mdm_web1.pdf\" target=\"_blank\" rel=\"noopener\">\u201eDer versteckte Tanz im Outbound\u201c<\/a><\/span> Mariella De Matteis, KMU Life 04\/07<\/p>\n<p><a href=\"https:\/\/mdm-training.com\/wp-content\/uploads\/2024\/08\/smalltalk1.pdf\" target=\"_blank\" rel=\"noopener\"><span style=\"text-decoration: underline;\">\u201eOhne Smalltalk geht nichts\u201c<\/span><\/a> Florinda Gadient, Schweizer Buchhandel, Nr. 19 \/ 2005<\/p>\n<p><span style=\"text-decoration: underline;\"><a href=\"https:\/\/mdm-training.com\/wp-content\/uploads\/2024\/08\/marketing_education1.pdf\" target=\"_blank\" rel=\"noopener\">\u201eDie Personlichkeit in den Mittelpunkt\u201c<\/a><\/span> Georg Lutz, World of Marketing and Education, anl\u00e4sslich X05, Z\u00fcrich 2005<\/p>\n<p><span style=\"text-decoration: underline;\"><a href=\"https:\/\/mdm-training.com\/wp-content\/uploads\/2024\/08\/schweizbuchhandel_okt051.pdf\" target=\"_blank\" rel=\"noopener\">\u201eDer Kunde ist ein offener und neugieriger Mensch\u201c<\/a><\/span> Interview Schweizer Buchhandel, Oktober 2005<\/p>\n<p>[\/et_pb_text][\/et_pb_column][\/et_pb_row][et_pb_row custom_padding_last_edited=&#8220;on|phone&#8220; _builder_version=&#8220;4.27.0&#8243; _module_preset=&#8220;default&#8220; width_tablet=&#8220;&#8220; width_phone=&#8220;90%&#8220; width_last_edited=&#8220;on|phone&#8220; custom_padding_tablet=&#8220;&#8220; custom_padding_phone=&#8220;0px||0px||false|false&#8220; global_colors_info=&#8220;{}&#8220;][et_pb_column type=&#8220;4_4&#8243; _builder_version=&#8220;4.27.0&#8243; _module_preset=&#8220;default&#8220; global_colors_info=&#8220;{}&#8220;][et_pb_text _builder_version=&#8220;4.27.0&#8243; _module_preset=&#8220;default&#8220; custom_padding=&#8220;||18px|||&#8220; text_font_size_tablet=&#8220;&#8220; text_font_size_phone=&#8220;14px&#8220; text_font_size_last_edited=&#8220;on|phone&#8220; global_colors_info=&#8220;{}&#8220;]<\/p>\n<h3>Literaturempfehlungen<\/h3>\n<p>[\/et_pb_text][et_pb_blurb title=&#8220;Sebastian Bergman, Kriminalpsychologe: Hochintelligent und unausstehlich.&#8220; image=&#8220;https:\/\/mdm-training.com\/wp-content\/uploads\/2024\/08\/thumb_mann20der20kein20moerder20war1.jpeg&#8220; icon_placement=&#8220;left&#8220; image_icon_width=&#8220;100px&#8220; content_max_width=&#8220;100%&#8220; icon_placement_tablet=&#8220;left&#8220; icon_placement_phone=&#8220;top&#8220; icon_placement_last_edited=&#8220;on|phone&#8220; _builder_version=&#8220;4.27.0&#8243; _module_preset=&#8220;default&#8220; global_colors_info=&#8220;{}&#8220;]<\/p>\n<p>Nei pressi di V\u00e4ster\u00e5s viene scoperto il corpo di un ragazzo, brutalmente assassinato e con il cuore strappato. Roger era un alunno di un ginnasio d'\u00e9lite, un ragazzo sensibile. La polizia locale \u00e8 sopraffatta, cos\u00ec l'ispettore H\u00f6glund e la sua squadra si recano da Stoccolma in provincia. L\u00ec incontra inaspettatamente una vecchia conoscenza: Sebastian Bergman, brillante psicologo criminale e noto vomitatore. Egli offre a H\u00f6glund il suo aiuto. La squadra non \u00e8 entusiasta, ma l'intelligentissimo Bergman diventa presto indispensabile. Perch\u00e9 a V\u00e4ster\u00e5s c'\u00e8 pi\u00f9 di un'anima distrutta!<\/p>\n<p>Un esordio impressionante nel campo del giallo; psicologicamente denso, con colpi di scena inaspettati e un investigatore insolito, in realt\u00e0 un \u201cvomitevole\u201d. Eppure, in qualche modo, cos\u00ec umano... Mi affascina la combinazione di umanit\u00e0 e destino, e questo a tutti i livelli, che si tratti della drammaturgia o dei legami tra i protagonisti.<\/p>\n<p><em>Questo \u00e8 il primo volume di un'intera serie, i libri sono collegati come di consueto, ma possono essere letti anche come romanzi a s\u00e9 stanti.<\/em><\/p>\n<p>[\/et_pb_blurb][et_pb_blurb image=&#8220;https:\/\/mdm-training.com\/wp-content\/uploads\/2024\/08\/alphabethaus1.jpg&#8220; icon_placement=&#8220;left&#8220; image_icon_width=&#8220;100px&#8220; content_max_width=&#8220;100%&#8220; icon_placement_tablet=&#8220;left&#8220; icon_placement_phone=&#8220;top&#8220; icon_placement_last_edited=&#8220;on|phone&#8220; _builder_version=&#8220;4.27.0&#8243; _module_preset=&#8220;default&#8220; global_colors_info=&#8220;{}&#8220;]<\/p>\n<p>\u201cUna storia incredibile: gli orrori della guerra e il destino dei pazienti psicologicamente danneggiati di un ospedale psichiatrico da un lato, l'amicizia tra due piloti inglesi e la ricerca di una persona scomparsa dall'altro, \u00e8 una delle migliori che Jussi Adler-Olsen abbia mai scritto. Il modo in cui descrive la grottesca miseria dei pazienti di un ospedale psichiatrico a causa della guerra \u00e8 al tempo stesso toccante e opprimente. Si legge il libro con tutti i sensi\u201d. Ingrid Brekke in 'Aftenposten'<\/p>\n<p><span><em>Il libro mi ha toccato profondamente, nulla viene sorvolato, le nude verit\u00e0 si alternano ai sogni di speranza e alla forza della volont\u00e0 di sopravvivere. Un'amicizia maschile splendidamente tratteggiata.<\/em><\/span><\/p>\n<p>[\/et_pb_blurb][et_pb_blurb image=&#8220;https:\/\/mdm-training.com\/wp-content\/uploads\/2024\/08\/kim1.jpg&#8220; icon_placement=&#8220;left&#8220; image_icon_width=&#8220;100px&#8220; content_max_width=&#8220;100%&#8220; icon_placement_tablet=&#8220;left&#8220; icon_placement_phone=&#8220;top&#8220; icon_placement_last_edited=&#8220;on|phone&#8220; _builder_version=&#8220;4.27.0&#8243; _module_preset=&#8220;default&#8220; global_colors_info=&#8220;{}&#8220;]<\/p>\n<p>Un crimine impunito del passato, un omicidio per amore e un colpevole senza rimorsi: L'autore svedese di bestseller H\u00e5kan Nesser con il libro che lo ha reso famoso in Svezia.<\/p>\n<p>Svezia negli anni '60. Una piccola casa estiva su uno degli innumerevoli laghi. \u00c8 qui che il quattordicenne Erik e il suo amico Edmund trascorrono le vacanze. Si invaghiscono della giovane supplente Ewa, che assomiglia a Kim Novak e che presto si presenta al festival del villaggio. Due giorni dopo, viene ritrovato il corpo del fidanzato di Ewa e il fratello maggiore di Erik, che aveva una relazione con Ewa, viene sospettato di omicidio. Tuttavia, il colpevole non viene mai trovato. Passano 25 anni prima che l'adulto Erik legga per caso un rapporto sui crimini irrisolti e l'estate di quel periodo gli piomba addosso con una certa violenza.<\/p>\n<p><em><span>Il libro mi ha particolarmente affascinato perch\u00e9 la storia \u00e8 raccontata da un adolescente in prima persona. Nel corso del libro, l'adolescente diventa un giovane uomo, poi un uomo di mezza et\u00e0 e infine un uomo anziano. La prima persona rimane e il linguaggio diventa pi\u00f9 maturo e concreto con l'et\u00e0. - Il libro \u00e8 una chicca speciale come audiolibro, letto da Dietmar B\u00e4r (l'ispettore Freddy Schenk in Tatort di Colonia), una voce \u201cempatica\u201d per un libro delicato. Tra l'altro, Dietmar B\u00e4r legge diversi libri di Hakan Nesser, e nessuno potrebbe entrare meglio in empatia con le storie di questo autore svedese.<\/span><\/em><\/p>\n<p>[\/et_pb_blurb][et_pb_blurb image=&#8220;https:\/\/mdm-training.com\/wp-content\/uploads\/2024\/08\/buch_washingtondekret1.jpg&#8220; icon_placement=&#8220;left&#8220; image_icon_width=&#8220;100px&#8220; content_max_width=&#8220;100%&#8220; icon_placement_tablet=&#8220;left&#8220; icon_placement_phone=&#8220;top&#8220; icon_placement_last_edited=&#8220;on|phone&#8220; _builder_version=&#8220;4.27.0&#8243; _module_preset=&#8220;default&#8220; global_colors_info=&#8220;{}&#8220;]<\/p>\n<p>Una visione mozzafiato della disintegrazione di una societ\u00e0. L'omicidio a sangue freddo della moglie e del figlio non ancora nato getta il neoeletto presidente americano Bruce Jansen in una situazione di totale squilibrio. Egli emette il \u201cDecreto Washington\u201d, una decisione politica che ha gravi conseguenze per l'intera popolazione americana. L'America in stato di emergenza...<\/p>\n<p>Doggie Rogers, membro dello staff del Presidente, \u00e8 sotto shock dopo l'assassinio, anche perch\u00e9 il suo stesso padre \u00e8 ora accusato di omicidio. Nella sua ricerca della verit\u00e0, Doggie diventa la donna pi\u00f9 ricercata degli Stati Uniti. Con l'aiuto degli amici, cerca di scoprire la cospirazione. Ora tutto si regge sulle sue spalle...<\/p>\n<p><span class=\"noDescription\" data-test=\"inhaltArtikel\"><span><em>Una sorta di rovesciamento dei temi della societ\u00e0 americana, per una volta in direzione del no alle armi e alle lobby. Una tesi interessante, soprattutto alla luce della politica attuale. Emozionante e accattivante, scritto in modo congruo e, senza eccezioni, avvincente.<\/em><\/span><\/span><\/p>\n<p>[\/et_pb_blurb][et_pb_blurb image=&#8220;https:\/\/mdm-training.com\/wp-content\/uploads\/2024\/08\/das_fest_der_bedeutungslosigkeit1.jpg&#8220; icon_placement=&#8220;left&#8220; image_icon_width=&#8220;100px&#8220; content_max_width=&#8220;100%&#8220; icon_placement_tablet=&#8220;left&#8220; icon_placement_phone=&#8220;top&#8220; icon_placement_last_edited=&#8220;on|phone&#8220; _builder_version=&#8220;4.27.0&#8243; _module_preset=&#8220;default&#8220; hover_enabled=&#8220;0&#8243; global_colors_info=&#8220;{}&#8220; sticky_enabled=&#8220;0&#8243;]<\/p>\n<p class=\"text\"><span class=\"noDescription\" data-test=\"inhaltArtikel\">Quattro uomini vagano per Parigi, partecipano a una festa elegante e osservano le strategie erotiche dei loro compagni. Alain sviluppa complicate teorie sul desiderio delle ragazze di mostrare l'ombelico. Ramon vorrebbe finalmente visitare la mostra di Chagall. Charles spiega le battute di Stalin che non hanno mai fatto ridere nessuno. E Calibano, l'attore senza ruolo, inventa una propria lingua di cui solo lui pu\u00f2 ridere, finch\u00e9 la giovane domestica portoghese non lo capisce. Con il suo primo romanzo dopo quattordici anni, Milan Kundera traccia il ritratto di un'epoca che fa ridere perch\u00e9 ha perso il suo umorismo.\u00a0<\/span><label class=\"more\" for=\"punch_description\"><\/label><\/p>\n<p class=\"text\"><span><em>E in effetti, l'\u201cinsignificanza\u201d assume improvvisamente un significato, nel vero senso della parola. Anche se Elke Heidenreich lo considera apparentemente un \u201clibro impossibile\u201d nella sua dichiarazione, ne sono rimasta affascinata, non solo per il bel linguaggio, ma anche per il tema della vecchiaia.<\/em><\/span><\/p>\n<p>[\/et_pb_blurb][et_pb_blurb image=&#8220;https:\/\/mdm-training.com\/wp-content\/uploads\/2024\/08\/hamster1.jpg&#8220; icon_placement=&#8220;left&#8220; image_icon_width=&#8220;100px&#8220; content_max_width=&#8220;100%&#8220; icon_placement_tablet=&#8220;left&#8220; icon_placement_phone=&#8220;top&#8220; icon_placement_last_edited=&#8220;on|phone&#8220; _builder_version=&#8220;4.27.0&#8243; _module_preset=&#8220;default&#8220; global_colors_info=&#8220;{}&#8220;]<\/p>\n<p><span>In seinem ersch\u00fctternden Tagebuch beschreibt Edward sein Dasein zwischen K\u00e4figst\u00e4ben und Futternapf wie er pl\u00f6tzlich dem Hamsterrad entkommt und sich auf das Abenteuer Leben einl\u00e4sst. Ein Ereignis! <br \/><\/span><\/p>\n<p><em><span>Un libro meraviglioso da leggere ad alta voce, generalmente per adulti <img decoding=\"async\" src=\"https:\/\/mdm-training.com\/wp-content\/themes\/Divi\/includes\/builder\/frontend-builder\/assets\/vendors\/plugins\/emoticons\/img\/smiley-wink.gif\" alt=\"wink\" \/><\/span><\/em><\/p>\n<p>[\/et_pb_blurb][et_pb_blurb image=&#8220;https:\/\/mdm-training.com\/wp-content\/uploads\/2024\/08\/schnecke1.jpg&#8220; icon_placement=&#8220;left&#8220; image_icon_width=&#8220;100px&#8220; content_max_width=&#8220;100%&#8220; icon_placement_tablet=&#8220;left&#8220; icon_placement_phone=&#8220;top&#8220; icon_placement_last_edited=&#8220;on|phone&#8220; _builder_version=&#8220;4.27.0&#8243; _module_preset=&#8220;default&#8220; global_colors_info=&#8220;{}&#8220;]<\/p>\n<p><span><\/span><span>La giornalista Elisabeth Bailey \u00e8 costretta a letto da una malattia. Quando un'amica le regala una pianta in vaso con una lumaca seduta sotto le foglie, inizia a osservarla. Di notte, il suo nuovo animale diventa attivo, allunga le antenne, va a caccia e compie strani rituali. Incuriosita, Bailey inizia a studiare la biologia e la storia culturale della lumaca e scopre cose sorprendenti su una creatura sottovalutata.\u00a0<\/span><\/p>\n<p><em><span>Eine mit viel Achtsamkeit und Wertsch\u00e4tzung geschriebene Geschichte, und keine Erm\u00fcdungserscheinungen bei wissenschaftlichen Passagen. Das ERKUNDEN einer Schnecke von einer ganz speziellen Seite.<\/span><\/em><\/p>\n<p>[\/et_pb_blurb][\/et_pb_column][\/et_pb_row][\/et_pb_section]<\/p>","protected":false},"excerpt":{"rendered":"<p>Wenn wir bedenken, dass wir alle verr\u00fcckt sind, ist das Leben erkl\u00e4rt ~Mark TwainWenn wir bedenken, dass wir alle verr\u00fcckt sind, ist das Leben erkl\u00e4rt ~Mark TwainPublikationen und Literaturempfehlungen Publikationen der letzten Jahre (neueste zuerst) \u201eDie Mitarbeitenden an das Unternehmen binden\u201c Mariella De Matteis, Curaviva 12\/21 \u201eDie Power der Kommunikation?\u201c Mariella De Matteis, KMU Rundschau [&hellip;]<\/p>","protected":false},"author":1,"featured_media":0,"parent":14,"menu_order":0,"comment_status":"closed","ping_status":"closed","template":"","meta":{"_et_pb_use_builder":"on","_et_pb_old_content":"<!-- wp:divi\/placeholder \/-->","_et_gb_content_width":"","inline_featured_image":false,"footnotes":""},"class_list":["post-18","page","type-page","status-publish","hentry"],"_links":{"self":[{"href":"https:\/\/mdm-training.com\/it\/wp-json\/wp\/v2\/pages\/18","targetHints":{"allow":["GET"]}}],"collection":[{"href":"https:\/\/mdm-training.com\/it\/wp-json\/wp\/v2\/pages"}],"about":[{"href":"https:\/\/mdm-training.com\/it\/wp-json\/wp\/v2\/types\/page"}],"author":[{"embeddable":true,"href":"https:\/\/mdm-training.com\/it\/wp-json\/wp\/v2\/users\/1"}],"replies":[{"embeddable":true,"href":"https:\/\/mdm-training.com\/it\/wp-json\/wp\/v2\/comments?post=18"}],"version-history":[{"count":5,"href":"https:\/\/mdm-training.com\/it\/wp-json\/wp\/v2\/pages\/18\/revisions"}],"predecessor-version":[{"id":475,"href":"https:\/\/mdm-training.com\/it\/wp-json\/wp\/v2\/pages\/18\/revisions\/475"}],"up":[{"embeddable":true,"href":"https:\/\/mdm-training.com\/it\/wp-json\/wp\/v2\/pages\/14"}],"wp:attachment":[{"href":"https:\/\/mdm-training.com\/it\/wp-json\/wp\/v2\/media?parent=18"}],"curies":[{"name":"wp","href":"https:\/\/api.w.org\/{rel}","templated":true}]}}