{"id":14,"date":"2024-08-15T05:28:25","date_gmt":"2024-08-15T05:28:25","guid":{"rendered":"https:\/\/mdm-training.com\/?page_id=14"},"modified":"2025-07-31T13:51:05","modified_gmt":"2025-07-31T13:51:05","slug":"aktuelles","status":"publish","type":"page","link":"https:\/\/mdm-training.com\/it\/aktuelles\/","title":{"rendered":"Attualit\u00e0"},"content":{"rendered":"<p>[et_pb_section fb_built=&#8220;1&#8243; disabled_on=&#8220;on|on|off&#8220; _builder_version=&#8220;4.27.0&#8243; _module_preset=&#8220;default&#8220; background_image=&#8220;https:\/\/mdm-training.com\/wp-content\/uploads\/2024\/08\/138-101.jpg&#8220; custom_padding=&#8220;13vw||3vw||false|false&#8220; global_colors_info=&#8220;{}&#8220;][et_pb_row custom_padding_last_edited=&#8220;on|phone&#8220; _builder_version=&#8220;4.27.0&#8243; _module_preset=&#8220;default&#8220; background_color=&#8220;rgba(158,201,67,0.83)&#8220; width=&#8220;50%&#8220; width_tablet=&#8220;50%&#8220; width_phone=&#8220;100%&#8220; width_last_edited=&#8220;on|phone&#8220; module_alignment=&#8220;right&#8220; custom_padding=&#8220;40px|40px|40px|40px|true|true&#8220; custom_padding_tablet=&#8220;40px|40px|40px|40px|true|true&#8220; custom_padding_phone=&#8220;10px|10px|10px|10px|true|true&#8220; global_colors_info=&#8220;{}&#8220; width__hover_enabled=&#8220;off|desktop&#8220;][et_pb_column type=&#8220;4_4&#8243; _builder_version=&#8220;4.27.0&#8243; _module_preset=&#8220;default&#8220; global_colors_info=&#8220;{}&#8220;][et_pb_text _builder_version=&#8220;4.27.0&#8243; _module_preset=&#8220;default&#8220; text_text_color=&#8220;#FFFFFF&#8220; text_font_size=&#8220;15px&#8220; header_4_font=&#8220;|300|||||||&#8220; header_4_text_color=&#8220;#FFFFFF&#8220; header_4_font_size=&#8220;26px&#8220; text_orientation=&#8220;right&#8220; text_font_size_tablet=&#8220;15px&#8220; text_font_size_phone=&#8220;12px&#8220; text_font_size_last_edited=&#8220;on|phone&#8220; header_4_font_size_tablet=&#8220;26px&#8220; header_4_font_size_phone=&#8220;19px&#8220; header_4_font_size_last_edited=&#8220;on|phone&#8220; global_colors_info=&#8220;{}&#8220;]<\/p>\n<h4>Non sono le circostanze esterne a cambiare la vita, ma i cambiamenti interni che si manifestano nella vita.<\/h4>\n<p><span>~W. Thomalla<\/span>[\/et_pb_text][\/et_pb_column][\/et_pb_row][\/et_pb_section][et_pb_section fb_built=&#8220;1&#8243; disabled_on=&#8220;off|off|on&#8220; _builder_version=&#8220;4.27.0&#8243; _module_preset=&#8220;default&#8220; custom_padding=&#8220;0px||0px||false|false&#8220; global_colors_info=&#8220;{}&#8220;][et_pb_row _builder_version=&#8220;4.27.0&#8243; _module_preset=&#8220;default&#8220; width=&#8220;100%&#8220; custom_padding=&#8220;0px||0px||false|false&#8220; global_colors_info=&#8220;{}&#8220;][et_pb_column type=&#8220;4_4&#8243; _builder_version=&#8220;4.27.0&#8243; _module_preset=&#8220;default&#8220; global_colors_info=&#8220;{}&#8220;][et_pb_image src=&#8220;https:\/\/mdm-training.com\/wp-content\/uploads\/2024\/08\/138-101.jpg&#8220; title_text=&#8220;138-10%911%93&#8243; _builder_version=&#8220;4.27.0&#8243; _module_preset=&#8220;default&#8220; global_colors_info=&#8220;{}&#8220;][\/et_pb_image][\/et_pb_column][\/et_pb_row][et_pb_row custom_padding_last_edited=&#8220;on|phone&#8220; _builder_version=&#8220;4.27.0&#8243; _module_preset=&#8220;default&#8220; background_color=&#8220;rgba(158,201,67,0.83)&#8220; width=&#8220;50%&#8220; width_tablet=&#8220;50%&#8220; width_phone=&#8220;100%&#8220; width_last_edited=&#8220;on|phone&#8220; module_alignment=&#8220;right&#8220; custom_padding=&#8220;40px|40px|40px|40px|true|true&#8220; custom_padding_tablet=&#8220;40px|40px|40px|40px|true|true&#8220; custom_padding_phone=&#8220;15px|15px|15px|15px|true|true&#8220; global_colors_info=&#8220;{}&#8220; width__hover_enabled=&#8220;off|desktop&#8220;][et_pb_column type=&#8220;4_4&#8243; _builder_version=&#8220;4.27.0&#8243; _module_preset=&#8220;default&#8220; global_colors_info=&#8220;{}&#8220;][et_pb_text _builder_version=&#8220;4.27.0&#8243; _module_preset=&#8220;default&#8220; text_text_color=&#8220;#FFFFFF&#8220; text_font_size=&#8220;15px&#8220; header_4_font=&#8220;|300|||||||&#8220; header_4_text_color=&#8220;#FFFFFF&#8220; header_4_font_size=&#8220;26px&#8220; text_orientation=&#8220;right&#8220; text_font_size_tablet=&#8220;15px&#8220; text_font_size_phone=&#8220;12px&#8220; text_font_size_last_edited=&#8220;on|phone&#8220; header_4_font_size_tablet=&#8220;26px&#8220; header_4_font_size_phone=&#8220;19px&#8220; header_4_font_size_last_edited=&#8220;on|phone&#8220; global_colors_info=&#8220;{}&#8220;]<\/p>\n<h4>Non sono le circostanze esterne a cambiare la vita, ma i cambiamenti interni che si manifestano nella vita.<\/h4>\n<p><span>~W. Thomalla<\/span>[\/et_pb_text][\/et_pb_column][\/et_pb_row][\/et_pb_section][et_pb_section fb_built=&#8220;1&#8243; _builder_version=&#8220;4.27.0&#8243; _module_preset=&#8220;default&#8220; global_colors_info=&#8220;{}&#8220;][et_pb_row custom_padding_last_edited=&#8220;on|phone&#8220; _builder_version=&#8220;4.27.0&#8243; _module_preset=&#8220;default&#8220; width_tablet=&#8220;&#8220; width_phone=&#8220;90%&#8220; width_last_edited=&#8220;on|phone&#8220; custom_padding_tablet=&#8220;&#8220; custom_padding_phone=&#8220;0px||0px||false|false&#8220; global_colors_info=&#8220;{}&#8220;][et_pb_column type=&#8220;4_4&#8243; _builder_version=&#8220;4.27.0&#8243; _module_preset=&#8220;default&#8220; global_colors_info=&#8220;{}&#8220;][et_pb_text _builder_version=&#8220;4.27.0&#8243; _module_preset=&#8220;default&#8220; header_font=&#8220;|700|||||||&#8220; header_text_color=&#8220;#3f6123&#8243; header_font_size=&#8220;36px&#8220; custom_margin=&#8220;||5px||false|false&#8220; header_font_size_tablet=&#8220;36px&#8220; header_font_size_phone=&#8220;30px&#8220; header_font_size_last_edited=&#8220;on|phone&#8220; global_colors_info=&#8220;{}&#8220;]<\/p>\n<h1>Attualit\u00e0<\/h1>\n<p>[\/et_pb_text][et_pb_divider divider_weight=&#8220;8px&#8220; divider_weight_tablet=&#8220;8px&#8220; divider_weight_phone=&#8220;5px&#8220; divider_weight_last_edited=&#8220;on|phone&#8220; _builder_version=&#8220;4.27.0&#8243; _module_preset=&#8220;default&#8220; width=&#8220;7%&#8220; width_tablet=&#8220;7%&#8220; width_phone=&#8220;17%&#8220; width_last_edited=&#8220;on|phone&#8220; custom_margin=&#8220;||5px||false|false&#8220; global_colors_info=&#8220;{}&#8220;][\/et_pb_divider][et_pb_text _builder_version=&#8220;4.27.0&#8243; _module_preset=&#8220;default&#8220; text_font_size_tablet=&#8220;&#8220; text_font_size_phone=&#8220;14px&#8220; text_font_size_last_edited=&#8220;on|phone&#8220; global_colors_info=&#8220;{}&#8220;]<\/p>\n<p>&nbsp;<\/p>\n<h3><\/h3>\n<h3>K\u00fcnstliche Intelligenz st\u00fcrmt die Arbeitswelt<\/h3>\n<p>Heute mit folgendem Thema<\/p>\n<p data-start=\"153\" data-end=\"616\"><strong data-start=\"153\" data-end=\"218\">KI als Sparringspartner im Kundendienst \u2013 geht das \u00fcberhaupt?<\/strong><br data-start=\"218\" data-end=\"221\" \/>Ja! ChatGPT kann Mitarbeitende im Kundendienst unterst\u00fctzen \u2013 zum Beispiel, wenn ein Gespr\u00e4ch mit einem schwierigen Kunden festgefahren ist. Doch daf\u00fcr braucht es die richtige Frage. In meinem neuen Training lernen Teilnehmende, wie sie pr\u00e4zise Situationen beschreiben und gezielt Fragen formulieren, um brauchbare, empathische Antworten von ChatGPT zu erhalten \u2013 ganz ohne Technikvorkenntnisse.<\/p>\n<p data-start=\"618\" data-end=\"989\"><strong data-start=\"618\" data-end=\"691\">Neues Trainingsmodul: KI klug nutzen bei schwierigen Kundengespr\u00e4chen<\/strong><br data-start=\"691\" data-end=\"694\" \/>In praktischen \u00dcbungen entwickeln wir eigene ChatGPT-Anfragen, reflektieren deren Qualit\u00e4t und testen live, wie hilfreich die Antworten sind. Das Modul eignet sich f\u00fcr Teams im Kundenkontakt \u2013 ob telefonisch, per E-Mail oder im direkten Gespr\u00e4ch. Auch analog durchf\u00fchrbar \u2013 ganz ohne Bildschirm.<\/p>\n<p data-start=\"618\" data-end=\"989\"><span class=\"break-words           tvm-parent-container\"><span dir=\"ltr\">Wenn das f\u00fcr Sie interessant t\u00f6nt, freue ich mich von Ihnen zu h\u00f6ren. mail(at)mdm-training.com\u00a0 oder Tel 079 4307438<\/span><\/span><\/p>\n<p><span class=\"break-words           tvm-parent-container\"><span dir=\"ltr\"><\/span><\/span><\/p>\n<p><span class=\"break-words           tvm-parent-container\"><span dir=\"ltr\"><\/span><\/span><\/p>\n<p>[\/et_pb_text][\/et_pb_column][\/et_pb_row][et_pb_row custom_padding_last_edited=&#8220;on|phone&#8220; _builder_version=&#8220;4.27.0&#8243; _module_preset=&#8220;default&#8220; width_tablet=&#8220;&#8220; width_phone=&#8220;90%&#8220; width_last_edited=&#8220;on|phone&#8220; custom_padding_tablet=&#8220;&#8220; custom_padding_phone=&#8220;||0px||false|false&#8220; global_colors_info=&#8220;{}&#8220;][et_pb_column type=&#8220;4_4&#8243; _builder_version=&#8220;4.27.0&#8243; _module_preset=&#8220;default&#8220; global_colors_info=&#8220;{}&#8220;][et_pb_image src=&#8220;https:\/\/mdm-training.com\/wp-content\/uploads\/2024\/08\/IMG_essraum1.jpg&#8220; title_text=&#8220;IMG_essraum%911%93&#8243; _builder_version=&#8220;4.27.0&#8243; _module_preset=&#8220;default&#8220; width=&#8220;30%&#8220; width_tablet=&#8220;30%&#8220; width_phone=&#8220;100%&#8220; width_last_edited=&#8220;on|phone&#8220; global_colors_info=&#8220;{}&#8220; width__hover_enabled=&#8220;off|desktop&#8220;][\/et_pb_image][et_pb_text _builder_version=&#8220;4.27.0&#8243; _module_preset=&#8220;default&#8220; text_font_size_tablet=&#8220;&#8220; text_font_size_phone=&#8220;14px&#8220; text_font_size_last_edited=&#8220;on|phone&#8220; global_colors_info=&#8220;{}&#8220;]<\/p>\n<h3>Impostazioni per team e singoli dipendenti<\/h3>\n<p><strong>Offerta 1<\/strong><br \/>Le forme di lavoro sono decisamente cambiate: ibride, da casa o in ufficio a tempo pieno. Il periodo delle chiusure e degli obblighi di lavoro da casa ha fatto qualcosa ai singoli dipendenti e ai team, ma cosa esattamente \u00e8 molto individuale e diverso. In ogni caso, ci troviamo di fronte a delle sfide.<\/p>\n<p>Un programma di coaching per manager e dipendenti pu\u00f2 dare sollievo. <a href=\"https:\/\/mdm-training.com\/wp-content\/uploads\/2024\/08\/flyer_homeoffice-buero_nach_pandemie_21.pdf\" target=\"_blank\" rel=\"noopener\"><span style=\"text-decoration: underline;\">Qui<\/span><\/a> uno sguardo alle possibilit\u00e0.<\/p>\n<p><strong>Offerta 2<\/strong><br \/>....e chiunque voglia reinventarsi come piccolo team, ridefinire le strutture esistenti o semplicemente fare un ritiro \u00e8 il benvenuto a Casa Cristina sul Lago Maggiore. <a href=\"https:\/\/mdm-training.com\/wp-content\/uploads\/2024\/08\/Angebot_casa_cristina_seminarlocation_20221.pdf\" target=\"_blank\" rel=\"noopener\"><span style=\"text-decoration: underline;\">Qui<\/span><\/a> gibts detaillierte Infos dazu.<\/p>\n<p>Voci sull'ambientazione della Casa:<\/p>\n<p><span style=\"text-decoration: underline;\">\u201cLa posizione \u00e8 molto bella e si possono sentire le onde che si infrangono sulla riva dal lago. \u201c E.D.<\/span><\/p>\n<p><span style=\"text-decoration: underline;\">\u201cUna buona sede per il seminario e un workshop di nostro gradimento. Abbiamo potuto staccare dalla vita quotidiana\u201d. P.R.<\/span><\/p>\n<p><span style=\"text-decoration: underline;\"><\/span><\/p>\n<p>&#8211;&gt; zum <span style=\"text-decoration: underline;\"><a href=\"https:\/\/mdm-training.com\/it\/angebot\/angebot-im-tessin\/#film\">Film<\/a><\/span><br \/>&#8211;&gt; zum <span style=\"text-decoration: underline;\"><a href=\"https:\/\/mdm-training.com\/wp-content\/uploads\/2024\/10\/Angebot_casa_strategie_1komma5tage_20221.pdf\" target=\"_blank\" rel=\"noopener\">Factsheet<\/a><\/span><\/p>\n<p><a href=\"https:\/\/mdm-training.com\/it\/angebot\/angebot-im-tessin\/schreibwerkstatt\/\"><\/a><\/p>\n<p>[\/et_pb_text][\/et_pb_column][\/et_pb_row][et_pb_row custom_padding_last_edited=&#8220;on|phone&#8220; _builder_version=&#8220;4.27.0&#8243; _module_preset=&#8220;default&#8220; width_tablet=&#8220;&#8220; width_phone=&#8220;90%&#8220; width_last_edited=&#8220;on|phone&#8220; custom_padding_tablet=&#8220;&#8220; custom_padding_phone=&#8220;||0px||false|false&#8220; locked=&#8220;off&#8220; global_colors_info=&#8220;{}&#8220;][et_pb_column type=&#8220;4_4&#8243; _builder_version=&#8220;4.27.0&#8243; _module_preset=&#8220;default&#8220; global_colors_info=&#8220;{}&#8220;][et_pb_text _builder_version=&#8220;4.27.0&#8243; _module_preset=&#8220;default&#8220; header_font=&#8220;|700|||||||&#8220; header_text_color=&#8220;#3f6123&#8243; header_font_size=&#8220;36px&#8220; header_2_font=&#8220;|700|||||||&#8220; header_2_text_color=&#8220;#9ec943&#8243; header_2_font_size=&#8220;25px&#8220; custom_margin=&#8220;||5px||false|false&#8220; header_font_size_tablet=&#8220;36px&#8220; header_font_size_phone=&#8220;30px&#8220; header_font_size_last_edited=&#8220;on|phone&#8220; header_2_font_size_tablet=&#8220;32px&#8220; header_2_font_size_phone=&#8220;20px&#8220; header_2_font_size_last_edited=&#8220;on|phone&#8220; global_colors_info=&#8220;{}&#8220;]<\/p>\n<h2>Formazione e coaching nelle professioni di cura<br \/>\n<\/h2>\n<p>[\/et_pb_text][et_pb_image src=&#8220;https:\/\/mdm-training.com\/wp-content\/uploads\/2024\/08\/118-101.jpg&#8220; title_text=&#8220;118-10%911%93&#8243; _builder_version=&#8220;4.27.0&#8243; _module_preset=&#8220;default&#8220; width=&#8220;50%&#8220; width_tablet=&#8220;50%&#8220; width_phone=&#8220;100%&#8220; width_last_edited=&#8220;on|phone&#8220; global_colors_info=&#8220;{}&#8220;][\/et_pb_image][et_pb_text _builder_version=&#8220;4.27.0&#8243; _module_preset=&#8220;default&#8220; text_font_size_tablet=&#8220;&#8220; text_font_size_phone=&#8220;14px&#8220; text_font_size_last_edited=&#8220;on|phone&#8220; global_colors_info=&#8220;{}&#8220;]<\/p>\n<p>Questi sono i possibili contenuti:<\/p>\n<ul>\n<li>Riflettere sul proprio comportamento comunicativo, praticarlo 1:1 e scambiare idee.<\/li>\n<li>Conoscere metodi speciali per affrontare la demenza.<\/li>\n<li>Sperimentiamo, sperimentiamo, ci concentriamo e osserviamo.<\/li>\n<\/ul>\n<p>Osservate la catena di effetti e le fasi di sviluppo.<\/p>\n<p>-&gt; <span style=\"text-decoration: underline;\"><a href=\"https:\/\/mdm-training.com\/it\/angebot\/angebot-in-pflegeberufen\/\" target=\"_blank\" rel=\"noopener\">Formazione e coaching nelle professioni di cura, in particolare per la demenza.<\/a><\/span><\/p>\n<p>[\/et_pb_text][\/et_pb_column][\/et_pb_row][et_pb_row custom_padding_last_edited=&#8220;on|phone&#8220; _builder_version=&#8220;4.27.0&#8243; _module_preset=&#8220;default&#8220; width_tablet=&#8220;&#8220; width_phone=&#8220;90%&#8220; width_last_edited=&#8220;on|phone&#8220; custom_padding_tablet=&#8220;&#8220; custom_padding_phone=&#8220;||0px||false|false&#8220; locked=&#8220;off&#8220; global_colors_info=&#8220;{}&#8220;][et_pb_column type=&#8220;4_4&#8243; _builder_version=&#8220;4.27.0&#8243; _module_preset=&#8220;default&#8220; global_colors_info=&#8220;{}&#8220;][et_pb_text _builder_version=&#8220;4.27.0&#8243; _module_preset=&#8220;default&#8220; header_font=&#8220;|700|||||||&#8220; header_text_color=&#8220;#3f6123&#8243; header_font_size=&#8220;36px&#8220; header_2_font=&#8220;|700|||||||&#8220; header_2_text_color=&#8220;#9ec943&#8243; header_2_font_size=&#8220;25px&#8220; custom_margin=&#8220;||5px||false|false&#8220; header_font_size_tablet=&#8220;36px&#8220; header_font_size_phone=&#8220;30px&#8220; header_font_size_last_edited=&#8220;on|phone&#8220; header_2_font_size_tablet=&#8220;32px&#8220; header_2_font_size_phone=&#8220;20px&#8220; header_2_font_size_last_edited=&#8220;on|phone&#8220; global_colors_info=&#8220;{}&#8220;]<\/p>\n<h2>Cucina e consapevolezza<br \/>\n<\/h2>\n<p>[\/et_pb_text][et_pb_image src=&#8220;https:\/\/mdm-training.com\/wp-content\/uploads\/2024\/08\/153-31.jpg&#8220; title_text=&#8220;153-3%911%93&#8243; _builder_version=&#8220;4.27.0&#8243; _module_preset=&#8220;default&#8220; width=&#8220;50%&#8220; width_tablet=&#8220;50%&#8220; width_phone=&#8220;100%&#8220; width_last_edited=&#8220;on|phone&#8220; global_colors_info=&#8220;{}&#8220;][\/et_pb_image][et_pb_text _builder_version=&#8220;4.27.0&#8243; _module_preset=&#8220;default&#8220; custom_padding=&#8220;||0px|||&#8220; text_font_size_tablet=&#8220;&#8220; text_font_size_phone=&#8220;14px&#8220; text_font_size_last_edited=&#8220;on|phone&#8220; global_colors_info=&#8220;{}&#8220;]<\/p>\n<p>In 3 verschiedenen Locations k\u00f6nnen Kochevents stattfinden, sei es als Team im Businessbereich oder als private Gruppe. F\u00fcr den Businessbereich gibt es in 2 von den Locations die M\u00f6glichkeit, ein Seminar\/Training\/Workshop\/Teambildung oder Retreat mit einem Kochevent zu verbinden.<\/p>\n<p><a href=\"https:\/\/mdm-training.com\/it\/angebot\/kochen-und-achtsamkeit\/\"><span style=\"text-decoration: underline;\">Qui<\/span><\/a> geht&#8217;s zu den Details.<\/p>\n<p>[\/et_pb_text][\/et_pb_column][\/et_pb_row][et_pb_row custom_padding_last_edited=&#8220;on|phone&#8220; _builder_version=&#8220;4.27.0&#8243; _module_preset=&#8220;default&#8220; width_tablet=&#8220;&#8220; width_phone=&#8220;90%&#8220; width_last_edited=&#8220;on|phone&#8220; custom_padding_tablet=&#8220;&#8220; custom_padding_phone=&#8220;||0px||false|false&#8220; locked=&#8220;off&#8220; global_colors_info=&#8220;{}&#8220;][et_pb_column type=&#8220;4_4&#8243; _builder_version=&#8220;4.27.0&#8243; _module_preset=&#8220;default&#8220; global_colors_info=&#8220;{}&#8220;][et_pb_text _builder_version=&#8220;4.27.0&#8243; _module_preset=&#8220;default&#8220; header_font=&#8220;|700|||||||&#8220; header_text_color=&#8220;#3f6123&#8243; header_font_size=&#8220;36px&#8220; header_2_font=&#8220;|700|||||||&#8220; header_2_text_color=&#8220;#9ec943&#8243; header_2_font_size=&#8220;25px&#8220; custom_margin=&#8220;||5px||false|false&#8220; header_font_size_tablet=&#8220;36px&#8220; header_font_size_phone=&#8220;30px&#8220; header_font_size_last_edited=&#8220;on|phone&#8220; header_2_font_size_tablet=&#8220;32px&#8220; header_2_font_size_phone=&#8220;20px&#8220; header_2_font_size_last_edited=&#8220;on|phone&#8220; global_colors_info=&#8220;{}&#8220;]<\/p>\n<h2>La tavolata, un po' diversa, (un progetto del cuore)<\/h2>\n<p>[\/et_pb_text][et_pb_text _builder_version=&#8220;4.27.0&#8243; _module_preset=&#8220;default&#8220; text_font_size_tablet=&#8220;&#8220; text_font_size_phone=&#8220;14px&#8220; text_font_size_last_edited=&#8220;on|phone&#8220; global_colors_info=&#8220;{}&#8220;]<\/p>\n<p>Schon lange wollte ich&#8217;s realisieren, nun habe ich es umgesetzt: die Tavolata mit humanit\u00e4rem Charakter. Was das genau ist, <a href=\"https:\/\/mdm-training.com\/wp-content\/uploads\/2024\/08\/Artikel_tavolata1.pdf\" target=\"_blank\" rel=\"noopener\"><span style=\"text-decoration: underline;\">qui<\/span><\/a>. Per ulteriori informazioni e per avere la possibilit\u00e0 di partecipare, \u00e8 sufficiente inviare un'e-mail a mdm(at)mdm-training.com.<\/p>\n<p>[\/et_pb_text][et_pb_image src=&#8220;https:\/\/mdm-training.com\/wp-content\/uploads\/2025\/01\/Tavolata-94-scaled.jpg&#8220; title_text=&#8220;Tavolata-94&#8243; _builder_version=&#8220;4.27.4&#8243; _module_preset=&#8220;default&#8220; custom_margin=&#8220;|768px||||&#8220; global_colors_info=&#8220;{}&#8220;][\/et_pb_image][\/et_pb_column][\/et_pb_row][\/et_pb_section]<\/p>","protected":false},"excerpt":{"rendered":"<p>Es sind nicht die \u00e4u\u00dferen Umst\u00e4nde, die das Leben ver\u00e4ndern, sondern die inneren Ver\u00e4nderungen, die sich im Leben \u00e4u\u00dfern. ~W. ThomallaEs sind nicht die \u00e4u\u00dferen Umst\u00e4nde, die das Leben ver\u00e4ndern, sondern die inneren Ver\u00e4nderungen, die sich im Leben \u00e4u\u00dfern. ~W. ThomallaAktuelles&nbsp; K\u00fcnstliche Intelligenz st\u00fcrmt die Arbeitswelt Heute mit folgendem Thema KI als Sparringspartner im Kundendienst [&hellip;]<\/p>","protected":false},"author":1,"featured_media":0,"parent":0,"menu_order":2,"comment_status":"closed","ping_status":"closed","template":"","meta":{"_et_pb_use_builder":"on","_et_pb_old_content":"<!-- wp:divi\/placeholder \/-->","_et_gb_content_width":"","inline_featured_image":false,"footnotes":""},"class_list":["post-14","page","type-page","status-publish","hentry"],"_links":{"self":[{"href":"https:\/\/mdm-training.com\/it\/wp-json\/wp\/v2\/pages\/14","targetHints":{"allow":["GET"]}}],"collection":[{"href":"https:\/\/mdm-training.com\/it\/wp-json\/wp\/v2\/pages"}],"about":[{"href":"https:\/\/mdm-training.com\/it\/wp-json\/wp\/v2\/types\/page"}],"author":[{"embeddable":true,"href":"https:\/\/mdm-training.com\/it\/wp-json\/wp\/v2\/users\/1"}],"replies":[{"embeddable":true,"href":"https:\/\/mdm-training.com\/it\/wp-json\/wp\/v2\/comments?post=14"}],"version-history":[{"count":12,"href":"https:\/\/mdm-training.com\/it\/wp-json\/wp\/v2\/pages\/14\/revisions"}],"predecessor-version":[{"id":657,"href":"https:\/\/mdm-training.com\/it\/wp-json\/wp\/v2\/pages\/14\/revisions\/657"}],"wp:attachment":[{"href":"https:\/\/mdm-training.com\/it\/wp-json\/wp\/v2\/media?parent=14"}],"curies":[{"name":"wp","href":"https:\/\/api.w.org\/{rel}","templated":true}]}}